{"id":1003,"date":"2023-11-21T11:49:50","date_gmt":"2023-11-21T17:49:50","guid":{"rendered":"https:\/\/libreriahistoriasdebolsillo.com\/?post_type=product&#038;p=1003"},"modified":"2025-03-04T16:33:27","modified_gmt":"2025-03-04T22:33:27","slug":"mujeres-poderosas","status":"publish","type":"product","link":"https:\/\/libreriahistoriasdebolsillo.com\/index.php\/producto\/mujeres-poderosas\/","title":{"rendered":"Mujeres poderosas"},"content":{"rendered":"<p>A lo largo de ocho cap\u00edtulos, este libro te ayudar\u00e1 a descubrir tu infinito potencial para manifestarlo en la creaci\u00f3n de una vida plena, digna y abundante. Sanar heridas, tolerar la frustraci\u00f3n, reconocerte como fuente de alegr\u00eda y abundancia, pero sobre todo ser una mujer plena y utilizar el poder femenino para crear amor y alegr\u00eda.\u00a0 Tus pasos ser\u00e1n firmes y tus ideas claras. Te conocer\u00e1s, te amar\u00e1s m\u00e1s y tendr\u00e1s herramientas para construir una mejor versi\u00f3n de ti.<\/p>\n<p>Pero cuidado: al concluir su lectura tu idea de ser mujer puede cambiar o modificarse en algunos aspectos. Porque cuando te adue\u00f1as de ti misma y tus deseos te pertenecen, te vuelves poderosa y comienzas a ver la vida con nuevos ojos.<\/p>\n","protected":false},"excerpt":{"rendered":"<p>Adriana Ort\u00edz Barraza<\/p>\n","protected":false},"featured_media":1004,"template":"","meta":{"_joinchat":[]},"product_brand":[],"product_cat":[58,41],"product_tag":[48],"class_list":{"0":"post-1003","1":"product","2":"type-product","3":"status-publish","4":"has-post-thumbnail","6":"product_cat-desarrollo-humano-y-superacion","7":"product_cat-desarrollo-humano","8":"product_tag-vr-editoras","10":"first","11":"instock","12":"shipping-taxable","13":"purchasable","14":"product-type-simple"},"_links":{"self":[{"href":"https:\/\/libreriahistoriasdebolsillo.com\/index.php\/wp-json\/wp\/v2\/product\/1003","targetHints":{"allow":["GET"]}}],"collection":[{"href":"https:\/\/libreriahistoriasdebolsillo.com\/index.php\/wp-json\/wp\/v2\/product"}],"about":[{"href":"https:\/\/libreriahistoriasdebolsillo.com\/index.php\/wp-json\/wp\/v2\/types\/product"}],"wp:featuredmedia":[{"embeddable":true,"href":"https:\/\/libreriahistoriasdebolsillo.com\/index.php\/wp-json\/wp\/v2\/media\/1004"}],"wp:attachment":[{"href":"https:\/\/libreriahistoriasdebolsillo.com\/index.php\/wp-json\/wp\/v2\/media?parent=1003"}],"wp:term":[{"taxonomy":"product_brand","embeddable":true,"href":"https:\/\/libreriahistoriasdebolsillo.com\/index.php\/wp-json\/wp\/v2\/product_brand?post=1003"},{"taxonomy":"product_cat","embeddable":true,"href":"https:\/\/libreriahistoriasdebolsillo.com\/index.php\/wp-json\/wp\/v2\/product_cat?post=1003"},{"taxonomy":"product_tag","embeddable":true,"href":"https:\/\/libreriahistoriasdebolsillo.com\/index.php\/wp-json\/wp\/v2\/product_tag?post=1003"}],"curies":[{"name":"wp","href":"https:\/\/api.w.org\/{rel}","templated":true}]}}