{"id":1013,"date":"2023-11-21T11:59:48","date_gmt":"2023-11-21T17:59:48","guid":{"rendered":"https:\/\/libreriahistoriasdebolsillo.com\/?post_type=product&#038;p=1013"},"modified":"2025-02-14T16:01:27","modified_gmt":"2025-02-14T22:01:27","slug":"dejalo-fluir","status":"publish","type":"product","link":"https:\/\/libreriahistoriasdebolsillo.com\/index.php\/producto\/dejalo-fluir\/","title":{"rendered":"D\u00e9jalo fluir"},"content":{"rendered":"<p>Todos somos humanos del mismo planeta en b\u00fasqueda de la felicidad, de tranquilidad y nuestros sue\u00f1os. Y todos nos enfrentamos a las diferentes dualidades de la vida: \u00c9XITO\/FRACASO, SEGURIDAD\/INSEGURIDAD, HALAGO\/CR\u00cdTICA, AMOR\/DESAMOR\u2026 Escrib\u00ed este libro porque sent\u00ed que pod\u00eda ayudarte de alguna forma con esto. Aqu\u00ed encontrar\u00e1s muchas an\u00e9cdotas sobre c\u00f3mo lidi\u00e9 con prejuicios y c\u00f3mo logre cumplir esos sue\u00f1os (que alguna vez me dijeron que eran imposibles), adem\u00e1s de algunos consejos. Desde mi coraz\u00f3n espero que llegues a sentir mis experiencias como tuyas, porque bien podr\u00edan serlo. No importa qu\u00e9 te est\u00e9 sucediendo, cr\u00e9eme, todo pasa. Y hay veces en las que para poder seguir adelante solo tenemos que sentarnos a observar. AS\u00cd QUE RESPIRA PROFUNDO, ABRE ESTE LIBRO Y\u2026 D\u00c9JALO FLUIR.<\/p>\n","protected":false},"excerpt":{"rendered":"<p>Priscila Alvarez Cajafresca<\/p>\n","protected":false},"featured_media":1014,"template":"","meta":{"_joinchat":[]},"product_brand":[],"product_cat":[58,52,41],"product_tag":[48],"class_list":{"0":"post-1013","1":"product","2":"type-product","3":"status-publish","4":"has-post-thumbnail","6":"product_cat-desarrollo-humano-y-superacion","7":"product_cat-juvenil","8":"product_cat-desarrollo-humano","9":"product_tag-vr-editoras","11":"first","12":"outofstock","13":"shipping-taxable","14":"purchasable","15":"product-type-simple"},"_links":{"self":[{"href":"https:\/\/libreriahistoriasdebolsillo.com\/index.php\/wp-json\/wp\/v2\/product\/1013","targetHints":{"allow":["GET"]}}],"collection":[{"href":"https:\/\/libreriahistoriasdebolsillo.com\/index.php\/wp-json\/wp\/v2\/product"}],"about":[{"href":"https:\/\/libreriahistoriasdebolsillo.com\/index.php\/wp-json\/wp\/v2\/types\/product"}],"wp:featuredmedia":[{"embeddable":true,"href":"https:\/\/libreriahistoriasdebolsillo.com\/index.php\/wp-json\/wp\/v2\/media\/1014"}],"wp:attachment":[{"href":"https:\/\/libreriahistoriasdebolsillo.com\/index.php\/wp-json\/wp\/v2\/media?parent=1013"}],"wp:term":[{"taxonomy":"product_brand","embeddable":true,"href":"https:\/\/libreriahistoriasdebolsillo.com\/index.php\/wp-json\/wp\/v2\/product_brand?post=1013"},{"taxonomy":"product_cat","embeddable":true,"href":"https:\/\/libreriahistoriasdebolsillo.com\/index.php\/wp-json\/wp\/v2\/product_cat?post=1013"},{"taxonomy":"product_tag","embeddable":true,"href":"https:\/\/libreriahistoriasdebolsillo.com\/index.php\/wp-json\/wp\/v2\/product_tag?post=1013"}],"curies":[{"name":"wp","href":"https:\/\/api.w.org\/{rel}","templated":true}]}}