{"id":1015,"date":"2023-11-21T12:01:33","date_gmt":"2023-11-21T18:01:33","guid":{"rendered":"https:\/\/libreriahistoriasdebolsillo.com\/?post_type=product&#038;p=1015"},"modified":"2025-06-28T10:54:44","modified_gmt":"2025-06-28T16:54:44","slug":"elige-positivo","status":"publish","type":"product","link":"https:\/\/libreriahistoriasdebolsillo.com\/index.php\/producto\/elige-positivo\/","title":{"rendered":"Elige positivo"},"content":{"rendered":"<p>\u201cEste libro te invita a alcanzar tus metas, superar las circunstancias adversas y disfrutar el trayecto. Anal\u00edtico, profundo y anecd\u00f3tico. Luz para que no vayas \u2018as\u00ed como as\u00ed\u2019 por la vida. Imperdible. Gaby P\u00e9rez Islas \u2013 Tanat\u00f3logo y autora \u201cAsumir la responsabilidad de nuestra propia vida es el gran regalo que nos entrega la lectura de este libro. Un camino guiado, con ejemplos personales y ejercicios que te ayudar\u00e1s a conocerte mejor\u201d. Anamar Orihuela \u2013 Psicoterapeuta, conferencista y autora. \u201cClaro y sencillo para todo aquel que quiere emprender cualquier proceso de transformaci\u00f3n en sus h\u00e1bitos. Un libro para cambiar nuestra forma de pensar y aplicarle de manera pr\u00e1ctica e inmediata en todos nuestros roles de vida\u201d. Juan Garibay L\u00f3pez Negrete \u2013 CEO y fundador de Gravitas Capital Group.<\/p>\n","protected":false},"excerpt":{"rendered":"<p>Rebeca Mu\u00f1oz<\/p>\n","protected":false},"featured_media":1016,"template":"","meta":{"_joinchat":[]},"product_brand":[],"product_cat":[58,41],"product_tag":[48],"class_list":{"0":"post-1015","1":"product","2":"type-product","3":"status-publish","4":"has-post-thumbnail","6":"product_cat-desarrollo-humano-y-superacion","7":"product_cat-desarrollo-humano","8":"product_tag-vr-editoras","10":"first","11":"outofstock","12":"shipping-taxable","13":"purchasable","14":"product-type-simple"},"_links":{"self":[{"href":"https:\/\/libreriahistoriasdebolsillo.com\/index.php\/wp-json\/wp\/v2\/product\/1015","targetHints":{"allow":["GET"]}}],"collection":[{"href":"https:\/\/libreriahistoriasdebolsillo.com\/index.php\/wp-json\/wp\/v2\/product"}],"about":[{"href":"https:\/\/libreriahistoriasdebolsillo.com\/index.php\/wp-json\/wp\/v2\/types\/product"}],"wp:featuredmedia":[{"embeddable":true,"href":"https:\/\/libreriahistoriasdebolsillo.com\/index.php\/wp-json\/wp\/v2\/media\/1016"}],"wp:attachment":[{"href":"https:\/\/libreriahistoriasdebolsillo.com\/index.php\/wp-json\/wp\/v2\/media?parent=1015"}],"wp:term":[{"taxonomy":"product_brand","embeddable":true,"href":"https:\/\/libreriahistoriasdebolsillo.com\/index.php\/wp-json\/wp\/v2\/product_brand?post=1015"},{"taxonomy":"product_cat","embeddable":true,"href":"https:\/\/libreriahistoriasdebolsillo.com\/index.php\/wp-json\/wp\/v2\/product_cat?post=1015"},{"taxonomy":"product_tag","embeddable":true,"href":"https:\/\/libreriahistoriasdebolsillo.com\/index.php\/wp-json\/wp\/v2\/product_tag?post=1015"}],"curies":[{"name":"wp","href":"https:\/\/api.w.org\/{rel}","templated":true}]}}