{"id":1017,"date":"2023-11-21T12:05:13","date_gmt":"2023-11-21T18:05:13","guid":{"rendered":"https:\/\/libreriahistoriasdebolsillo.com\/?post_type=product&#038;p=1017"},"modified":"2024-05-07T15:37:35","modified_gmt":"2024-05-07T21:37:35","slug":"afterland","status":"publish","type":"product","link":"https:\/\/libreriahistoriasdebolsillo.com\/index.php\/producto\/afterland\/","title":{"rendered":"Afterland (Pasta dura)"},"content":{"rendered":"<p>Miles, de doce a\u00f1os, es uno de los \u00faltimos ni\u00f1os varones vivos. Cole, su madre, lo proteger\u00e1 a toda costa de aquellos que buscan explotarlo para sus propios fines. En la huida, viajan por unos Estados Unidos transformados. Desde una base militar en Seattle hasta un b\u00fanker de lujo, desde una comuna anarquista en Salt Lake City hasta una secta itinerante que ve en Miles la respuesta a todas sus plegarias&#8230; Madre e hijo intentan ir siempre un paso por delante, pero sus perseguidores se acercan cada vez m\u00e1s. Afterland es un thriller arriesgado y feminista, en el que la galardonada autora Lauren Beukes mezcla genialmente suspense psicol\u00f3gico, noir americano y ciencia ficci\u00f3n, y consigue una aventura por derecho propio, perfecta para los tiempos en los que vivimos.<\/p>\n","protected":false},"excerpt":{"rendered":"<p>Lauren Beukes<\/p>\n","protected":false},"featured_media":1018,"template":"","meta":{"_joinchat":[]},"product_brand":[],"product_cat":[37],"product_tag":[48],"class_list":{"0":"post-1017","1":"product","2":"type-product","3":"status-publish","4":"has-post-thumbnail","6":"product_cat-misterio-y-thriller","7":"product_tag-vr-editoras","9":"first","10":"instock","11":"shipping-taxable","12":"purchasable","13":"product-type-simple"},"_links":{"self":[{"href":"https:\/\/libreriahistoriasdebolsillo.com\/index.php\/wp-json\/wp\/v2\/product\/1017","targetHints":{"allow":["GET"]}}],"collection":[{"href":"https:\/\/libreriahistoriasdebolsillo.com\/index.php\/wp-json\/wp\/v2\/product"}],"about":[{"href":"https:\/\/libreriahistoriasdebolsillo.com\/index.php\/wp-json\/wp\/v2\/types\/product"}],"wp:featuredmedia":[{"embeddable":true,"href":"https:\/\/libreriahistoriasdebolsillo.com\/index.php\/wp-json\/wp\/v2\/media\/1018"}],"wp:attachment":[{"href":"https:\/\/libreriahistoriasdebolsillo.com\/index.php\/wp-json\/wp\/v2\/media?parent=1017"}],"wp:term":[{"taxonomy":"product_brand","embeddable":true,"href":"https:\/\/libreriahistoriasdebolsillo.com\/index.php\/wp-json\/wp\/v2\/product_brand?post=1017"},{"taxonomy":"product_cat","embeddable":true,"href":"https:\/\/libreriahistoriasdebolsillo.com\/index.php\/wp-json\/wp\/v2\/product_cat?post=1017"},{"taxonomy":"product_tag","embeddable":true,"href":"https:\/\/libreriahistoriasdebolsillo.com\/index.php\/wp-json\/wp\/v2\/product_tag?post=1017"}],"curies":[{"name":"wp","href":"https:\/\/api.w.org\/{rel}","templated":true}]}}