{"id":1019,"date":"2023-11-21T12:09:55","date_gmt":"2023-11-21T18:09:55","guid":{"rendered":"https:\/\/libreriahistoriasdebolsillo.com\/?post_type=product&#038;p=1019"},"modified":"2025-02-14T18:15:54","modified_gmt":"2025-02-15T00:15:54","slug":"mente-millonaria","status":"publish","type":"product","link":"https:\/\/libreriahistoriasdebolsillo.com\/index.php\/producto\/mente-millonaria\/","title":{"rendered":"Mente millonaria"},"content":{"rendered":"<p>\u00bfTe identificas con alguna de estas frases?<\/p>\n<p>\u201cCon mi sueldo no llego a fin de mes\u201d<br \/>\n\u201cNo puedo ahorrar para cumplir mis sue\u00f1os\u201d<br \/>\n\u201cMis tarjetas de cr\u00e9dito me manejan\u201d<br \/>\n\u201cMi pareja y yo discutimos por dinero\u201d<\/p>\n<p>Este libro es para ti<\/p>\n<p>Aprender\u00e1s<\/p>\n<ul>\n<li>\n<ul>\n<li>Consejos para hacer rendir tu sueldo<\/li>\n<li>M\u00e9todos para cancelar deudas<\/li>\n<li>Tips para hacer compras<\/li>\n<li>Estrategias de ahorro<\/li>\n<\/ul>\n<\/li>\n<\/ul>\n<p>No importa si eres un emprendedor, un empleado, un peque\u00f1o empresario; si ya tienes un negocio armado o est\u00e1s por iniciar un nuevo proyecto. En Mente millonaria encontrar\u00e1s una gu\u00eda eficaz para solucionar tus problemas financieros, con ejercicios para llevar a la pr\u00e1ctica cada propuesta.<br \/>\nEn estas p\u00e1ginas, el creador de la exitosa fan page Mente millonaria &amp; Piensa como rico, Gerardo Garc\u00eda Manjarrez, m\u00e1s conocido como Jerry, combina a la perfecci\u00f3n educaci\u00f3n financiera, inteligencia emocional, motivaci\u00f3n y desarrollo personal para que el dinero deje de ser una preocupaci\u00f3n en tu vida, de una vez y para siempre.<\/p>\n","protected":false},"excerpt":{"rendered":"<p>Gerardo Garcia Manjarrez<\/p>\n","protected":false},"featured_media":1020,"template":"","meta":{"_joinchat":[]},"product_brand":[],"product_cat":[58,41],"product_tag":[48],"class_list":{"0":"post-1019","1":"product","2":"type-product","3":"status-publish","4":"has-post-thumbnail","6":"product_cat-desarrollo-humano-y-superacion","7":"product_cat-desarrollo-humano","8":"product_tag-vr-editoras","10":"first","11":"instock","12":"shipping-taxable","13":"purchasable","14":"product-type-simple"},"_links":{"self":[{"href":"https:\/\/libreriahistoriasdebolsillo.com\/index.php\/wp-json\/wp\/v2\/product\/1019","targetHints":{"allow":["GET"]}}],"collection":[{"href":"https:\/\/libreriahistoriasdebolsillo.com\/index.php\/wp-json\/wp\/v2\/product"}],"about":[{"href":"https:\/\/libreriahistoriasdebolsillo.com\/index.php\/wp-json\/wp\/v2\/types\/product"}],"wp:featuredmedia":[{"embeddable":true,"href":"https:\/\/libreriahistoriasdebolsillo.com\/index.php\/wp-json\/wp\/v2\/media\/1020"}],"wp:attachment":[{"href":"https:\/\/libreriahistoriasdebolsillo.com\/index.php\/wp-json\/wp\/v2\/media?parent=1019"}],"wp:term":[{"taxonomy":"product_brand","embeddable":true,"href":"https:\/\/libreriahistoriasdebolsillo.com\/index.php\/wp-json\/wp\/v2\/product_brand?post=1019"},{"taxonomy":"product_cat","embeddable":true,"href":"https:\/\/libreriahistoriasdebolsillo.com\/index.php\/wp-json\/wp\/v2\/product_cat?post=1019"},{"taxonomy":"product_tag","embeddable":true,"href":"https:\/\/libreriahistoriasdebolsillo.com\/index.php\/wp-json\/wp\/v2\/product_tag?post=1019"}],"curies":[{"name":"wp","href":"https:\/\/api.w.org\/{rel}","templated":true}]}}