{"id":1027,"date":"2023-11-21T12:17:40","date_gmt":"2023-11-21T18:17:40","guid":{"rendered":"https:\/\/libreriahistoriasdebolsillo.com\/?post_type=product&#038;p=1027"},"modified":"2025-02-14T18:15:46","modified_gmt":"2025-02-15T00:15:46","slug":"actitud-millonaria","status":"publish","type":"product","link":"https:\/\/libreriahistoriasdebolsillo.com\/index.php\/producto\/actitud-millonaria\/","title":{"rendered":"Actitud millonaria"},"content":{"rendered":"<p>\u00bfSientes que no vas por el camino adecuado hacia el \u00e9xito?<\/p>\n<ul>\n<li>Aprende a desarrollar sinergia con las personas.<\/li>\n<li>Construye una personalidad segura, decidida y fresca.<\/li>\n<li>Vu\u00e9lvete un l\u00edder transformador.<\/li>\n<\/ul>\n<p>Este libro ser\u00e1 tu mejor aliado:<\/p>\n<ul>\n<li>Te dotar\u00e1 de una imagen poderosa.<\/li>\n<li>Sabr\u00e1s cu\u00e1les son las tendencias que est\u00e1n cambiando la econom\u00eda para usarlas a tu favor.<\/li>\n<li>Dominar\u00e1s el arte de negociar.<\/li>\n<\/ul>\n<p>Del exitoso autor de Mente Millonaria, Impulso Millonario y Olfato Millonario, este libro te brindar\u00e1 las herramientas para tomar control de tu entorno y convertirte en el l\u00edder que tus sue\u00f1os necesitan. En estas p\u00e1ginas encontrar\u00e1s consejos y estrategias para sacarle brillo a tu personalidad y transformar tu actitud. Cambia la mirada con la que te enfrentas a la vida y detona la riqueza emocional y financiera que tanto has buscado.<\/p>\n","protected":false},"excerpt":{"rendered":"<p>Gerardo Garcia Manjarrez<\/p>\n","protected":false},"featured_media":1028,"template":"","meta":{"_joinchat":[]},"product_brand":[],"product_cat":[58,41],"product_tag":[48],"class_list":{"0":"post-1027","1":"product","2":"type-product","3":"status-publish","4":"has-post-thumbnail","6":"product_cat-desarrollo-humano-y-superacion","7":"product_cat-desarrollo-humano","8":"product_tag-vr-editoras","10":"first","11":"instock","12":"shipping-taxable","13":"purchasable","14":"product-type-simple"},"_links":{"self":[{"href":"https:\/\/libreriahistoriasdebolsillo.com\/index.php\/wp-json\/wp\/v2\/product\/1027","targetHints":{"allow":["GET"]}}],"collection":[{"href":"https:\/\/libreriahistoriasdebolsillo.com\/index.php\/wp-json\/wp\/v2\/product"}],"about":[{"href":"https:\/\/libreriahistoriasdebolsillo.com\/index.php\/wp-json\/wp\/v2\/types\/product"}],"wp:featuredmedia":[{"embeddable":true,"href":"https:\/\/libreriahistoriasdebolsillo.com\/index.php\/wp-json\/wp\/v2\/media\/1028"}],"wp:attachment":[{"href":"https:\/\/libreriahistoriasdebolsillo.com\/index.php\/wp-json\/wp\/v2\/media?parent=1027"}],"wp:term":[{"taxonomy":"product_brand","embeddable":true,"href":"https:\/\/libreriahistoriasdebolsillo.com\/index.php\/wp-json\/wp\/v2\/product_brand?post=1027"},{"taxonomy":"product_cat","embeddable":true,"href":"https:\/\/libreriahistoriasdebolsillo.com\/index.php\/wp-json\/wp\/v2\/product_cat?post=1027"},{"taxonomy":"product_tag","embeddable":true,"href":"https:\/\/libreriahistoriasdebolsillo.com\/index.php\/wp-json\/wp\/v2\/product_tag?post=1027"}],"curies":[{"name":"wp","href":"https:\/\/api.w.org\/{rel}","templated":true}]}}