{"id":1032,"date":"2023-11-21T12:19:08","date_gmt":"2023-11-21T18:19:08","guid":{"rendered":"https:\/\/libreriahistoriasdebolsillo.com\/?post_type=product&#038;p=1032"},"modified":"2023-12-08T11:24:27","modified_gmt":"2023-12-08T17:24:27","slug":"vendes-o-vendes","status":"publish","type":"product","link":"https:\/\/libreriahistoriasdebolsillo.com\/index.php\/producto\/vendes-o-vendes\/","title":{"rendered":"Vendes o vendes"},"content":{"rendered":"<p>No importa si eres vendedor, director comercial o emprendedor, Vendes o vendes ser\u00e1 tu gu\u00eda para vender efectivamente tus productos, tus ideas y a ti mismo, a todo el mundo. Por el autor bestseller de The New York Times, Grant Cardone. Con la gran experiencia de un vendedor extraordinario, Vendes o vendes cambiar\u00e1 la forma en que percibes las ventas, y la vida. El experto en ventas y grandes negocios, Grant Cardone, afirma en este libro que conocer los principios de las ventas es un requisito indispensable para el \u00e9xito en cualquier \u00e1mbito. Aunque se trate de vender el producto de tu compa\u00f1\u00eda o de venderte a ti mismo la idea de comer sano, todo en la vida puede -y debe- ser tratado como una venta. En Vendes o vendes, Grant Cardone revela las t\u00e9cnicas y los acercamientos necesarios para manejar como experto el arte de vender, en cualquier lugar. Aprender\u00e1s c\u00f3mo manejar el rechazo, revertir las situaciones negativas, acortar los ciclos de venta y izar tu grandeza. Cardone tambi\u00e9n te ense\u00f1ar\u00e1 los puntos esenciales del \u00e9xito: -Vender en una mala econom\u00eda. -Mantenerte positivo a pesar del rechazo. -Llenar tu cartera con nuevos clientes. -Desafiar la renuencia.<\/p>\n","protected":false},"excerpt":{"rendered":"<p>Grant Cardone<\/p>\n","protected":false},"featured_media":1033,"template":"","meta":{"_joinchat":[]},"product_brand":[],"product_cat":[58,41],"product_tag":[34],"class_list":{"0":"post-1032","1":"product","2":"type-product","3":"status-publish","4":"has-post-thumbnail","6":"product_cat-desarrollo-humano-y-superacion","7":"product_cat-desarrollo-humano","8":"product_tag-penguin-random-house","10":"first","11":"outofstock","12":"shipping-taxable","13":"purchasable","14":"product-type-simple"},"_links":{"self":[{"href":"https:\/\/libreriahistoriasdebolsillo.com\/index.php\/wp-json\/wp\/v2\/product\/1032","targetHints":{"allow":["GET"]}}],"collection":[{"href":"https:\/\/libreriahistoriasdebolsillo.com\/index.php\/wp-json\/wp\/v2\/product"}],"about":[{"href":"https:\/\/libreriahistoriasdebolsillo.com\/index.php\/wp-json\/wp\/v2\/types\/product"}],"wp:featuredmedia":[{"embeddable":true,"href":"https:\/\/libreriahistoriasdebolsillo.com\/index.php\/wp-json\/wp\/v2\/media\/1033"}],"wp:attachment":[{"href":"https:\/\/libreriahistoriasdebolsillo.com\/index.php\/wp-json\/wp\/v2\/media?parent=1032"}],"wp:term":[{"taxonomy":"product_brand","embeddable":true,"href":"https:\/\/libreriahistoriasdebolsillo.com\/index.php\/wp-json\/wp\/v2\/product_brand?post=1032"},{"taxonomy":"product_cat","embeddable":true,"href":"https:\/\/libreriahistoriasdebolsillo.com\/index.php\/wp-json\/wp\/v2\/product_cat?post=1032"},{"taxonomy":"product_tag","embeddable":true,"href":"https:\/\/libreriahistoriasdebolsillo.com\/index.php\/wp-json\/wp\/v2\/product_tag?post=1032"}],"curies":[{"name":"wp","href":"https:\/\/api.w.org\/{rel}","templated":true}]}}