{"id":1040,"date":"2023-11-21T12:25:29","date_gmt":"2023-11-21T18:25:29","guid":{"rendered":"https:\/\/libreriahistoriasdebolsillo.com\/?post_type=product&#038;p=1040"},"modified":"2026-04-17T17:27:38","modified_gmt":"2026-04-17T23:27:38","slug":"habla-menos-actua-mas","status":"publish","type":"product","link":"https:\/\/libreriahistoriasdebolsillo.com\/index.php\/producto\/habla-menos-actua-mas\/","title":{"rendered":"Habla menos, act\u00faa m\u00e1s"},"content":{"rendered":"<p>Si te pones como meta lograr dos cosas todos los d\u00edas -sin excepci\u00f3n-, no tendr\u00e1s l\u00edmites para lo que quieras alcanzar.<\/p>\n<p>El experto en \u00e9xito, Brian Tracy, comparte un m\u00e9todo probado de siete pasos que te ayudar\u00e1n a conseguir, en pocos meses, m\u00e1s de lo que la mayor\u00eda de las personas logra en toda su vida:<\/p>\n<p>1.\u00a0<b>Elimina\u00a0<\/b>los h\u00e1bitos negativos.<\/p>\n<p>2. Toma el\u00a0<b>control\u00a0<\/b>de tu vida.<\/p>\n<p>3.\u00a0<b>Atr\u00e9vete\u00a0<\/b>a ir hacia adelante.<\/p>\n<p>4.\u00a0<b>Decide\u00a0<\/b>qu\u00e9 es lo que realmente quieres.<\/p>\n<p>5.\u00a0<b>Supera\u00a0<\/b>la procrastinaci\u00f3n.<\/p>\n<p>6. Convi\u00e9rtete en un\u00a0<b>aprendiz\u00a0<\/b>de por vida.<\/p>\n<p>7.\u00a0<b>Nunca te rindas.<\/b><\/p>\n<p>Con la ayuda de Brian, ser\u00e1s capaz de descubrir la clave para ganar,\u00a0<b>tener felicidad<\/b>, crear una\u00a0<b>buena reputaci\u00f3n\u00a0<\/b>y\u00a0<b>triunfar<\/b>.\u00a0<i>Habla menos, act\u00faa m\u00e1s<\/i>\u00a0es la clave para conquistar tus objetivos y liberar tu potencial ilimitado para tu vida y tu negocio.<\/p>\n","protected":false},"excerpt":{"rendered":"<p>Brian Tracy<\/p>\n","protected":false},"featured_media":1041,"template":"","meta":{"_joinchat":[]},"product_brand":[],"product_cat":[58,41,51],"product_tag":[34],"class_list":{"0":"post-1040","1":"product","2":"type-product","3":"status-publish","4":"has-post-thumbnail","6":"product_cat-desarrollo-humano-y-superacion","7":"product_cat-desarrollo-humano","8":"product_cat-oferta","9":"product_tag-penguin-random-house","11":"first","12":"instock","13":"shipping-taxable","14":"purchasable","15":"product-type-simple"},"_links":{"self":[{"href":"https:\/\/libreriahistoriasdebolsillo.com\/index.php\/wp-json\/wp\/v2\/product\/1040","targetHints":{"allow":["GET"]}}],"collection":[{"href":"https:\/\/libreriahistoriasdebolsillo.com\/index.php\/wp-json\/wp\/v2\/product"}],"about":[{"href":"https:\/\/libreriahistoriasdebolsillo.com\/index.php\/wp-json\/wp\/v2\/types\/product"}],"wp:featuredmedia":[{"embeddable":true,"href":"https:\/\/libreriahistoriasdebolsillo.com\/index.php\/wp-json\/wp\/v2\/media\/1041"}],"wp:attachment":[{"href":"https:\/\/libreriahistoriasdebolsillo.com\/index.php\/wp-json\/wp\/v2\/media?parent=1040"}],"wp:term":[{"taxonomy":"product_brand","embeddable":true,"href":"https:\/\/libreriahistoriasdebolsillo.com\/index.php\/wp-json\/wp\/v2\/product_brand?post=1040"},{"taxonomy":"product_cat","embeddable":true,"href":"https:\/\/libreriahistoriasdebolsillo.com\/index.php\/wp-json\/wp\/v2\/product_cat?post=1040"},{"taxonomy":"product_tag","embeddable":true,"href":"https:\/\/libreriahistoriasdebolsillo.com\/index.php\/wp-json\/wp\/v2\/product_tag?post=1040"}],"curies":[{"name":"wp","href":"https:\/\/api.w.org\/{rel}","templated":true}]}}