{"id":1046,"date":"2023-11-21T12:29:46","date_gmt":"2023-11-21T18:29:46","guid":{"rendered":"https:\/\/libreriahistoriasdebolsillo.com\/?post_type=product&#038;p=1046"},"modified":"2024-07-01T12:23:31","modified_gmt":"2024-07-01T18:23:31","slug":"agilmente-aprende-como-funciona-tu-cerebro-para-potenciar-tu-creatividad-y-vivir-mejor","status":"publish","type":"product","link":"https:\/\/libreriahistoriasdebolsillo.com\/index.php\/producto\/agilmente-aprende-como-funciona-tu-cerebro-para-potenciar-tu-creatividad-y-vivir-mejor\/","title":{"rendered":"\u00c1gilMente: Aprende c\u00f3mo funciona tu cerebro para potenciar tu creatividad y vivir mejor"},"content":{"rendered":"<p><b>La neurociencia m\u00e1s avanzada es clara: el cerebro aprende hasta el \u00faltimo d\u00eda de vida. Tu mente, mediante la aplicaci\u00f3n de las t\u00e9cnicas correctas, puede modificar la anatom\u00eda y la estructura de tu cerebro.<\/b><\/p>\n<p><i>\u00c1gilMente\u00a0<\/i>es un libro sobre nuestro talento m\u00e1s preciado y \u00fanico: la habilidad que tenemos para imaginar y ser m\u00e1s creativos. A trav\u00e9s de estas p\u00e1ginas vas a\u00a0<b>desarrollar todo tu potencial<\/b>, a entender los mecanismosde tus propios aprendizajes, a comprender c\u00f3mo\u00a0<b>utilizar los sentidos<\/b>, a\u00a0<b>ampliar tu memoria<\/b>, a focalizar tu<b>\u00a0atenci\u00f3n<\/b>, a controlar las\u00a0<b>emociones negativas\u00a0<\/b>y a disfrutar de las positivas.<\/p>\n<p>D\u00e9jate llevar en un viaje alucinante y divertido hacia lo m\u00e1s profundo de tu cerebro porque, una vez que lo conozcas, tu vida cambiar\u00e1 para siempre.<\/p>\n","protected":false},"excerpt":{"rendered":"<p>Estanislao Bachrach<\/p>\n","protected":false},"featured_media":1047,"template":"","meta":{"_joinchat":[]},"product_brand":[],"product_cat":[58,41],"product_tag":[34],"class_list":{"0":"post-1046","1":"product","2":"type-product","3":"status-publish","4":"has-post-thumbnail","6":"product_cat-desarrollo-humano-y-superacion","7":"product_cat-desarrollo-humano","8":"product_tag-penguin-random-house","10":"first","11":"outofstock","12":"shipping-taxable","13":"purchasable","14":"product-type-simple"},"_links":{"self":[{"href":"https:\/\/libreriahistoriasdebolsillo.com\/index.php\/wp-json\/wp\/v2\/product\/1046","targetHints":{"allow":["GET"]}}],"collection":[{"href":"https:\/\/libreriahistoriasdebolsillo.com\/index.php\/wp-json\/wp\/v2\/product"}],"about":[{"href":"https:\/\/libreriahistoriasdebolsillo.com\/index.php\/wp-json\/wp\/v2\/types\/product"}],"wp:featuredmedia":[{"embeddable":true,"href":"https:\/\/libreriahistoriasdebolsillo.com\/index.php\/wp-json\/wp\/v2\/media\/1047"}],"wp:attachment":[{"href":"https:\/\/libreriahistoriasdebolsillo.com\/index.php\/wp-json\/wp\/v2\/media?parent=1046"}],"wp:term":[{"taxonomy":"product_brand","embeddable":true,"href":"https:\/\/libreriahistoriasdebolsillo.com\/index.php\/wp-json\/wp\/v2\/product_brand?post=1046"},{"taxonomy":"product_cat","embeddable":true,"href":"https:\/\/libreriahistoriasdebolsillo.com\/index.php\/wp-json\/wp\/v2\/product_cat?post=1046"},{"taxonomy":"product_tag","embeddable":true,"href":"https:\/\/libreriahistoriasdebolsillo.com\/index.php\/wp-json\/wp\/v2\/product_tag?post=1046"}],"curies":[{"name":"wp","href":"https:\/\/api.w.org\/{rel}","templated":true}]}}