{"id":1049,"date":"2023-11-21T12:32:23","date_gmt":"2023-11-21T18:32:23","guid":{"rendered":"https:\/\/libreriahistoriasdebolsillo.com\/?post_type=product&#038;p=1049"},"modified":"2024-01-05T11:27:34","modified_gmt":"2024-01-05T17:27:34","slug":"como-tratar-con-gente-complicada","status":"publish","type":"product","link":"https:\/\/libreriahistoriasdebolsillo.com\/index.php\/producto\/como-tratar-con-gente-complicada\/","title":{"rendered":"C\u00f3mo tratar con gente complicada"},"content":{"rendered":"<p><i>C\u00f3mo tratar con gente complicada<\/i>\u00a0te brinda una serie de\u00a0<b>estrategias<\/b>\u00a0y\u00a0<b>herramientas emocionales<\/b>\u00a0y de comportamiento para mejorar tus\u00a0<b>relaciones interpersonales<\/b>. Descubre las caracter\u00edsticas de los diferentes\u00a0<b>psicotipos<\/b>\u00a0(<b>tipos de personalidad<\/b>) para responder bien cuando trates con personas que tengan la misteriosa habilidad de sabotear, descarrilar e interferir con tus planes, necesidades y deseos. Aprender\u00e1s c\u00f3mo:<\/p>\n<p>\u2022 Usar\u00a0<b>t\u00e9cnicas de escucha<\/b>\u00a0sofisticadas para abrir las puertas a las mentes, corazones y necesidades m\u00e1s profundas de las personas.<\/p>\n<p>\u2022 Aplicar habilidades de \u201cponte al mando\u201d que conviertan el\u00a0<b>conflicto<\/b>\u00a0en\u00a0<b>cooperaci\u00f3n<\/b>\u00a0al reducir las diferencias entre las personas.<\/p>\n<p>\u2022 Transformar el\u00a0<b>comportamiento destructivo<\/b>\u00a0del Tanque, el Francotirador, el Sabelotodo, el Quejumbroso, el M\u00e1rtir, el Entrometido y otros tipos de personas dif\u00edciles.<\/p>\n<p>Yasea que trates con un compa\u00f1ero de trabajo que intenta atribuirse el m\u00e9rito de tu proyecto, un familiar que no conoce\u00a0<b>l\u00edmi<\/b><b>tes personales<\/b>\u00a0o un desconocido que habla muy alto por tel\u00e9fono en el transporte p\u00fablico, este libro te brindar\u00e1 las herramientas para sacar lo mejor de las personas en su peor momento.<\/p>\n","protected":false},"excerpt":{"rendered":"<p>Rick Brinkman y Rick Kirschner<\/p>\n","protected":false},"featured_media":1050,"template":"","meta":{"_joinchat":[]},"product_brand":[],"product_cat":[58,41],"product_tag":[34],"class_list":{"0":"post-1049","1":"product","2":"type-product","3":"status-publish","4":"has-post-thumbnail","6":"product_cat-desarrollo-humano-y-superacion","7":"product_cat-desarrollo-humano","8":"product_tag-penguin-random-house","10":"first","11":"outofstock","12":"shipping-taxable","13":"purchasable","14":"product-type-simple"},"_links":{"self":[{"href":"https:\/\/libreriahistoriasdebolsillo.com\/index.php\/wp-json\/wp\/v2\/product\/1049","targetHints":{"allow":["GET"]}}],"collection":[{"href":"https:\/\/libreriahistoriasdebolsillo.com\/index.php\/wp-json\/wp\/v2\/product"}],"about":[{"href":"https:\/\/libreriahistoriasdebolsillo.com\/index.php\/wp-json\/wp\/v2\/types\/product"}],"wp:featuredmedia":[{"embeddable":true,"href":"https:\/\/libreriahistoriasdebolsillo.com\/index.php\/wp-json\/wp\/v2\/media\/1050"}],"wp:attachment":[{"href":"https:\/\/libreriahistoriasdebolsillo.com\/index.php\/wp-json\/wp\/v2\/media?parent=1049"}],"wp:term":[{"taxonomy":"product_brand","embeddable":true,"href":"https:\/\/libreriahistoriasdebolsillo.com\/index.php\/wp-json\/wp\/v2\/product_brand?post=1049"},{"taxonomy":"product_cat","embeddable":true,"href":"https:\/\/libreriahistoriasdebolsillo.com\/index.php\/wp-json\/wp\/v2\/product_cat?post=1049"},{"taxonomy":"product_tag","embeddable":true,"href":"https:\/\/libreriahistoriasdebolsillo.com\/index.php\/wp-json\/wp\/v2\/product_tag?post=1049"}],"curies":[{"name":"wp","href":"https:\/\/api.w.org\/{rel}","templated":true}]}}