{"id":1055,"date":"2023-11-21T12:36:43","date_gmt":"2023-11-21T18:36:43","guid":{"rendered":"https:\/\/libreriahistoriasdebolsillo.com\/?post_type=product&#038;p=1055"},"modified":"2025-03-07T15:26:33","modified_gmt":"2025-03-07T21:26:33","slug":"el-abc-de-las-relaciones","status":"publish","type":"product","link":"https:\/\/libreriahistoriasdebolsillo.com\/index.php\/producto\/el-abc-de-las-relaciones\/","title":{"rendered":"El ABC de las relaciones"},"content":{"rendered":"<p>Para un l\u00edder, la habilidad para relacionarse con su gente es de vital importancia. Solo a partir de ella lograr\u00e1 que compartan su sue\u00f1o y lo sigan en la tarea de hacerlo realidad.<\/p>\n<p>John C. Maxwell, exitoso autor de numerosos best sellers de management, ha creado esta seria de libros breves con los principios fundamentales para transformarte en un excelente l\u00edder y un experto en relaciones saludables, tanto dentro como fuera de las organizaciones.<\/p>\n<p><em>El ABC de las Relaciones<\/em>\u00a0propone una manera nueva, eficaz y sorprendente de vincularte con los dem\u00e1s.<\/p>\n","protected":false},"excerpt":{"rendered":"<p>John C. Maxwell<\/p>\n","protected":false},"featured_media":1056,"template":"","meta":{"_joinchat":[]},"product_brand":[],"product_cat":[58,41],"product_tag":[48],"class_list":{"0":"post-1055","1":"product","2":"type-product","3":"status-publish","4":"has-post-thumbnail","6":"product_cat-desarrollo-humano-y-superacion","7":"product_cat-desarrollo-humano","8":"product_tag-vr-editoras","10":"first","11":"instock","12":"shipping-taxable","13":"purchasable","14":"product-type-simple"},"_links":{"self":[{"href":"https:\/\/libreriahistoriasdebolsillo.com\/index.php\/wp-json\/wp\/v2\/product\/1055","targetHints":{"allow":["GET"]}}],"collection":[{"href":"https:\/\/libreriahistoriasdebolsillo.com\/index.php\/wp-json\/wp\/v2\/product"}],"about":[{"href":"https:\/\/libreriahistoriasdebolsillo.com\/index.php\/wp-json\/wp\/v2\/types\/product"}],"wp:featuredmedia":[{"embeddable":true,"href":"https:\/\/libreriahistoriasdebolsillo.com\/index.php\/wp-json\/wp\/v2\/media\/1056"}],"wp:attachment":[{"href":"https:\/\/libreriahistoriasdebolsillo.com\/index.php\/wp-json\/wp\/v2\/media?parent=1055"}],"wp:term":[{"taxonomy":"product_brand","embeddable":true,"href":"https:\/\/libreriahistoriasdebolsillo.com\/index.php\/wp-json\/wp\/v2\/product_brand?post=1055"},{"taxonomy":"product_cat","embeddable":true,"href":"https:\/\/libreriahistoriasdebolsillo.com\/index.php\/wp-json\/wp\/v2\/product_cat?post=1055"},{"taxonomy":"product_tag","embeddable":true,"href":"https:\/\/libreriahistoriasdebolsillo.com\/index.php\/wp-json\/wp\/v2\/product_tag?post=1055"}],"curies":[{"name":"wp","href":"https:\/\/api.w.org\/{rel}","templated":true}]}}