{"id":1058,"date":"2023-11-21T12:38:28","date_gmt":"2023-11-21T18:38:28","guid":{"rendered":"https:\/\/libreriahistoriasdebolsillo.com\/?post_type=product&#038;p=1058"},"modified":"2025-04-19T15:35:37","modified_gmt":"2025-04-19T21:35:37","slug":"el-abc-del-exito","status":"publish","type":"product","link":"https:\/\/libreriahistoriasdebolsillo.com\/index.php\/producto\/el-abc-del-exito\/","title":{"rendered":"El ABC del \u00e9xito"},"content":{"rendered":"<p>El \u00e9xito genero \u00e9xito en ti, en quienes te rodean y en todos aquellos a quienes lideras. \u00bfSabemos qu\u00e9 acciones nos llevan al \u00e9xito verdadero y perdurable? \u00bfEstamos caminando en la direcci\u00f3n correcta? El \u00e9xito no es una formula, es un camino diferente para cada persona. Pero los principios del viaje no cambian. En El ABC del \u00c9xito, John C. Maxwell analiza los componentes esenciales para alcanzar nuestros objetivos y ofrece una gu\u00eda pr\u00e1ctica para superar los obst\u00e1culos y obtener los resultados que deseamos.<\/p>\n","protected":false},"excerpt":{"rendered":"<p>John C. Maxwell<\/p>\n","protected":false},"featured_media":1059,"template":"","meta":{"_joinchat":[]},"product_brand":[],"product_cat":[58,41],"product_tag":[48],"class_list":{"0":"post-1058","1":"product","2":"type-product","3":"status-publish","4":"has-post-thumbnail","6":"product_cat-desarrollo-humano-y-superacion","7":"product_cat-desarrollo-humano","8":"product_tag-vr-editoras","10":"first","11":"instock","12":"shipping-taxable","13":"purchasable","14":"product-type-simple"},"_links":{"self":[{"href":"https:\/\/libreriahistoriasdebolsillo.com\/index.php\/wp-json\/wp\/v2\/product\/1058","targetHints":{"allow":["GET"]}}],"collection":[{"href":"https:\/\/libreriahistoriasdebolsillo.com\/index.php\/wp-json\/wp\/v2\/product"}],"about":[{"href":"https:\/\/libreriahistoriasdebolsillo.com\/index.php\/wp-json\/wp\/v2\/types\/product"}],"wp:featuredmedia":[{"embeddable":true,"href":"https:\/\/libreriahistoriasdebolsillo.com\/index.php\/wp-json\/wp\/v2\/media\/1059"}],"wp:attachment":[{"href":"https:\/\/libreriahistoriasdebolsillo.com\/index.php\/wp-json\/wp\/v2\/media?parent=1058"}],"wp:term":[{"taxonomy":"product_brand","embeddable":true,"href":"https:\/\/libreriahistoriasdebolsillo.com\/index.php\/wp-json\/wp\/v2\/product_brand?post=1058"},{"taxonomy":"product_cat","embeddable":true,"href":"https:\/\/libreriahistoriasdebolsillo.com\/index.php\/wp-json\/wp\/v2\/product_cat?post=1058"},{"taxonomy":"product_tag","embeddable":true,"href":"https:\/\/libreriahistoriasdebolsillo.com\/index.php\/wp-json\/wp\/v2\/product_tag?post=1058"}],"curies":[{"name":"wp","href":"https:\/\/api.w.org\/{rel}","templated":true}]}}