{"id":1065,"date":"2023-11-21T12:43:40","date_gmt":"2023-11-21T18:43:40","guid":{"rendered":"https:\/\/libreriahistoriasdebolsillo.com\/?post_type=product&#038;p=1065"},"modified":"2025-02-14T17:37:47","modified_gmt":"2025-02-14T23:37:47","slug":"el-abc-de-la-capacitacion","status":"publish","type":"product","link":"https:\/\/libreriahistoriasdebolsillo.com\/index.php\/producto\/el-abc-de-la-capacitacion\/","title":{"rendered":"El ABC de la capacitaci\u00f3n"},"content":{"rendered":"<p>UNO ES UNA CIFRA MUY PEQUE\u00d1A PARA ALCANZAR LA GRANDEZA. As\u00ed lo afirma el escritor y experto en liderazgo, John C. Maxwell, es este texto motivador para formar y capacitar equipos de trabajo. El ABC de la Capacitaci\u00f3n ofrece valiosas observaciones y herramientas pr\u00e1cticas que te brindaran lo que necesitas saber para dominar temas como: 1. El poder del trabajo en equipo. 2. Por qu\u00e9 es esencial para el \u00e9xito del l\u00edder capacitar a sus colaboradores. 3. Las cualidades que debes buscar en los l\u00edderes en potencia. 4. Diez pasos para invertir en otros. 5. C\u00f3mo inspirar en un equipo la visi\u00f3n de futuro. No te conformes con lo que puedes lograr solo. Si eres l\u00edder de un equipo bien formado posees una ventaja que te conducir\u00e1 al pr\u00f3ximo nivel.<\/p>\n","protected":false},"excerpt":{"rendered":"<p>John C. Maxwell<\/p>\n","protected":false},"featured_media":1066,"template":"","meta":{"_joinchat":[]},"product_brand":[],"product_cat":[58,41],"product_tag":[48],"class_list":{"0":"post-1065","1":"product","2":"type-product","3":"status-publish","4":"has-post-thumbnail","6":"product_cat-desarrollo-humano-y-superacion","7":"product_cat-desarrollo-humano","8":"product_tag-vr-editoras","10":"first","11":"instock","12":"shipping-taxable","13":"purchasable","14":"product-type-simple"},"_links":{"self":[{"href":"https:\/\/libreriahistoriasdebolsillo.com\/index.php\/wp-json\/wp\/v2\/product\/1065","targetHints":{"allow":["GET"]}}],"collection":[{"href":"https:\/\/libreriahistoriasdebolsillo.com\/index.php\/wp-json\/wp\/v2\/product"}],"about":[{"href":"https:\/\/libreriahistoriasdebolsillo.com\/index.php\/wp-json\/wp\/v2\/types\/product"}],"wp:featuredmedia":[{"embeddable":true,"href":"https:\/\/libreriahistoriasdebolsillo.com\/index.php\/wp-json\/wp\/v2\/media\/1066"}],"wp:attachment":[{"href":"https:\/\/libreriahistoriasdebolsillo.com\/index.php\/wp-json\/wp\/v2\/media?parent=1065"}],"wp:term":[{"taxonomy":"product_brand","embeddable":true,"href":"https:\/\/libreriahistoriasdebolsillo.com\/index.php\/wp-json\/wp\/v2\/product_brand?post=1065"},{"taxonomy":"product_cat","embeddable":true,"href":"https:\/\/libreriahistoriasdebolsillo.com\/index.php\/wp-json\/wp\/v2\/product_cat?post=1065"},{"taxonomy":"product_tag","embeddable":true,"href":"https:\/\/libreriahistoriasdebolsillo.com\/index.php\/wp-json\/wp\/v2\/product_tag?post=1065"}],"curies":[{"name":"wp","href":"https:\/\/api.w.org\/{rel}","templated":true}]}}