{"id":1067,"date":"2023-11-21T12:46:04","date_gmt":"2023-11-21T18:46:04","guid":{"rendered":"https:\/\/libreriahistoriasdebolsillo.com\/?post_type=product&#038;p=1067"},"modified":"2025-11-06T17:21:26","modified_gmt":"2025-11-06T23:21:26","slug":"lograr-resultados-dia-a-dia","status":"publish","type":"product","link":"https:\/\/libreriahistoriasdebolsillo.com\/index.php\/producto\/lograr-resultados-dia-a-dia\/","title":{"rendered":"Lograr resultados d\u00eda a d\u00eda"},"content":{"rendered":"<p>El \u00e9xito es algo continuo. Es crecimiento y desarrollo. Es lograr algo y usarlo como pelda\u00f1o para obtener mucho m\u00e1s. En Lograr resultados d\u00eda a d\u00eda, John C. Maxwell, autor #1 del liderazgo, recopila sus mejores textos y ofrece valiosas reflexiones y herramientas pr\u00e1cticas que motivan al lector a so\u00f1ar, perseverar y crecer en el camino diario que lo conducir\u00e1 a triunfar en los negocios y en la vida<\/p>\n","protected":false},"excerpt":{"rendered":"<p>John C. Maxwell<\/p>\n","protected":false},"featured_media":1068,"template":"","meta":{"_joinchat":[]},"product_brand":[],"product_cat":[58,41],"product_tag":[48],"class_list":{"0":"post-1067","1":"product","2":"type-product","3":"status-publish","4":"has-post-thumbnail","6":"product_cat-desarrollo-humano-y-superacion","7":"product_cat-desarrollo-humano","8":"product_tag-vr-editoras","10":"first","11":"instock","12":"shipping-taxable","13":"purchasable","14":"product-type-simple"},"_links":{"self":[{"href":"https:\/\/libreriahistoriasdebolsillo.com\/index.php\/wp-json\/wp\/v2\/product\/1067","targetHints":{"allow":["GET"]}}],"collection":[{"href":"https:\/\/libreriahistoriasdebolsillo.com\/index.php\/wp-json\/wp\/v2\/product"}],"about":[{"href":"https:\/\/libreriahistoriasdebolsillo.com\/index.php\/wp-json\/wp\/v2\/types\/product"}],"wp:featuredmedia":[{"embeddable":true,"href":"https:\/\/libreriahistoriasdebolsillo.com\/index.php\/wp-json\/wp\/v2\/media\/1068"}],"wp:attachment":[{"href":"https:\/\/libreriahistoriasdebolsillo.com\/index.php\/wp-json\/wp\/v2\/media?parent=1067"}],"wp:term":[{"taxonomy":"product_brand","embeddable":true,"href":"https:\/\/libreriahistoriasdebolsillo.com\/index.php\/wp-json\/wp\/v2\/product_brand?post=1067"},{"taxonomy":"product_cat","embeddable":true,"href":"https:\/\/libreriahistoriasdebolsillo.com\/index.php\/wp-json\/wp\/v2\/product_cat?post=1067"},{"taxonomy":"product_tag","embeddable":true,"href":"https:\/\/libreriahistoriasdebolsillo.com\/index.php\/wp-json\/wp\/v2\/product_tag?post=1067"}],"curies":[{"name":"wp","href":"https:\/\/api.w.org\/{rel}","templated":true}]}}