{"id":1076,"date":"2023-11-21T12:51:39","date_gmt":"2023-11-21T18:51:39","guid":{"rendered":"https:\/\/libreriahistoriasdebolsillo.com\/?post_type=product&#038;p=1076"},"modified":"2024-07-18T16:25:32","modified_gmt":"2024-07-18T22:25:32","slug":"el-secreto-del-liderazgo","status":"publish","type":"product","link":"https:\/\/libreriahistoriasdebolsillo.com\/index.php\/producto\/el-secreto-del-liderazgo\/","title":{"rendered":"El secreto del liderazgo"},"content":{"rendered":"<p>Tienes en tus manos los sorprendentes resultados de miles de entrevistas encubiertas realizadas a empleados de diferentes compa\u00f1\u00edas, que revelan los mejores m\u00e9todos para identificar talentos, crear lealtad y desarrollar una cultura laboral exitosa.<\/p>\n<p>Con ellos sabr\u00e1s cu\u00e1l es el principal motivo de la rotaci\u00f3n de empleados, qu\u00e9 puedes hacer para detener un \u00e9xodo y c\u00f3mo construir un equipo que realmente funcione.<\/p>\n<p>Ver\u00e1s las posibilidades donde otros ven problemas y capturar\u00e1s el poder de los peque\u00f1os momentos para crear un legado significativo.<\/p>\n<p>Tu empresa puede ser un lugar donde las personas no solo sobreviven, sino que prosperan. \u00a1Y aqu\u00ed aprender\u00e1s c\u00f3mo!<\/p>\n","protected":false},"excerpt":{"rendered":"<p>Clint Pulver<\/p>\n","protected":false},"featured_media":1077,"template":"","meta":{"_joinchat":[]},"product_brand":[],"product_cat":[58,41],"product_tag":[48],"class_list":{"0":"post-1076","1":"product","2":"type-product","3":"status-publish","4":"has-post-thumbnail","6":"product_cat-desarrollo-humano-y-superacion","7":"product_cat-desarrollo-humano","8":"product_tag-vr-editoras","10":"first","11":"instock","12":"shipping-taxable","13":"purchasable","14":"product-type-simple"},"_links":{"self":[{"href":"https:\/\/libreriahistoriasdebolsillo.com\/index.php\/wp-json\/wp\/v2\/product\/1076","targetHints":{"allow":["GET"]}}],"collection":[{"href":"https:\/\/libreriahistoriasdebolsillo.com\/index.php\/wp-json\/wp\/v2\/product"}],"about":[{"href":"https:\/\/libreriahistoriasdebolsillo.com\/index.php\/wp-json\/wp\/v2\/types\/product"}],"wp:featuredmedia":[{"embeddable":true,"href":"https:\/\/libreriahistoriasdebolsillo.com\/index.php\/wp-json\/wp\/v2\/media\/1077"}],"wp:attachment":[{"href":"https:\/\/libreriahistoriasdebolsillo.com\/index.php\/wp-json\/wp\/v2\/media?parent=1076"}],"wp:term":[{"taxonomy":"product_brand","embeddable":true,"href":"https:\/\/libreriahistoriasdebolsillo.com\/index.php\/wp-json\/wp\/v2\/product_brand?post=1076"},{"taxonomy":"product_cat","embeddable":true,"href":"https:\/\/libreriahistoriasdebolsillo.com\/index.php\/wp-json\/wp\/v2\/product_cat?post=1076"},{"taxonomy":"product_tag","embeddable":true,"href":"https:\/\/libreriahistoriasdebolsillo.com\/index.php\/wp-json\/wp\/v2\/product_tag?post=1076"}],"curies":[{"name":"wp","href":"https:\/\/api.w.org\/{rel}","templated":true}]}}