{"id":1079,"date":"2023-11-21T12:53:47","date_gmt":"2023-11-21T18:53:47","guid":{"rendered":"https:\/\/libreriahistoriasdebolsillo.com\/?post_type=product&#038;p=1079"},"modified":"2025-02-14T18:15:33","modified_gmt":"2025-02-15T00:15:33","slug":"ganar-ganar","status":"publish","type":"product","link":"https:\/\/libreriahistoriasdebolsillo.com\/index.php\/producto\/ganar-ganar\/","title":{"rendered":"Ganar ganar"},"content":{"rendered":"<p>Tenemos m\u00e1s capacidad de la que creemos para ser mejores. Y generar beneficios es una de las fuentes principales. La meta no es alentarte a que alcances la perfecci\u00f3n, sino a que logres un equilibrio que puedas mantener y disfrutar el resto de tu vida.<\/p>\n<p>Aqu\u00ed encontrar\u00e1s un nuevo paradigma para convertirte en el mejor tomador de decisiones. Uno que pueda obtener los resultados esperados durante una negociaci\u00f3n, sin restar bienestar a nadie. Es decir, ser mejor en un sentido m\u00e1s amplio: ganar-ganar en todos los aspectos.<\/p>\n<p>Basado en disciplinas como la psicolog\u00eda y la filosof\u00eda, aqu\u00ed encontrar\u00e1s c\u00f3mo trabajar en cuatro \u00e1reas esenciales para ser m\u00e1s listo, eficiente, honesto y consciente al momento de conseguir los mejores acuerdos.<\/p>\n<p>\u00a1Convi\u00e9rtete en un negociador exitoso y en una persona m\u00e1s eficaz para alcanzar todas tus metas!<\/p>\n","protected":false},"excerpt":{"rendered":"<p>Maz H. Bazerman<\/p>\n","protected":false},"featured_media":1080,"template":"","meta":{"_joinchat":[]},"product_brand":[],"product_cat":[58,41],"product_tag":[48],"class_list":{"0":"post-1079","1":"product","2":"type-product","3":"status-publish","4":"has-post-thumbnail","6":"product_cat-desarrollo-humano-y-superacion","7":"product_cat-desarrollo-humano","8":"product_tag-vr-editoras","10":"first","11":"instock","12":"shipping-taxable","13":"purchasable","14":"product-type-simple"},"_links":{"self":[{"href":"https:\/\/libreriahistoriasdebolsillo.com\/index.php\/wp-json\/wp\/v2\/product\/1079","targetHints":{"allow":["GET"]}}],"collection":[{"href":"https:\/\/libreriahistoriasdebolsillo.com\/index.php\/wp-json\/wp\/v2\/product"}],"about":[{"href":"https:\/\/libreriahistoriasdebolsillo.com\/index.php\/wp-json\/wp\/v2\/types\/product"}],"wp:featuredmedia":[{"embeddable":true,"href":"https:\/\/libreriahistoriasdebolsillo.com\/index.php\/wp-json\/wp\/v2\/media\/1080"}],"wp:attachment":[{"href":"https:\/\/libreriahistoriasdebolsillo.com\/index.php\/wp-json\/wp\/v2\/media?parent=1079"}],"wp:term":[{"taxonomy":"product_brand","embeddable":true,"href":"https:\/\/libreriahistoriasdebolsillo.com\/index.php\/wp-json\/wp\/v2\/product_brand?post=1079"},{"taxonomy":"product_cat","embeddable":true,"href":"https:\/\/libreriahistoriasdebolsillo.com\/index.php\/wp-json\/wp\/v2\/product_cat?post=1079"},{"taxonomy":"product_tag","embeddable":true,"href":"https:\/\/libreriahistoriasdebolsillo.com\/index.php\/wp-json\/wp\/v2\/product_tag?post=1079"}],"curies":[{"name":"wp","href":"https:\/\/api.w.org\/{rel}","templated":true}]}}