{"id":1085,"date":"2023-11-21T12:59:24","date_gmt":"2023-11-21T18:59:24","guid":{"rendered":"https:\/\/libreriahistoriasdebolsillo.com\/?post_type=product&#038;p=1085"},"modified":"2024-09-30T20:16:32","modified_gmt":"2024-10-01T02:16:32","slug":"el-hombre-mas-rico-del-mundo-tapa-dura","status":"publish","type":"product","link":"https:\/\/libreriahistoriasdebolsillo.com\/index.php\/producto\/el-hombre-mas-rico-del-mundo-tapa-dura\/","title":{"rendered":"El hombre m\u00e1s rico del mundo (Tapa dura)"},"content":{"rendered":"<p>Sin empleo y en medio de la peor crisis de su vida, Nicolas recibe la propuesta m\u00e1s ins\u00f3lita: trabajar para el poderoso grupo de empresas del millonario Daniel Wheelock. Sin embargo, antes tendr\u00e1 que superar un extra\u00f1o proceso de preparaci\u00f3n personal junto a \u00e9l.<\/p>\n<p>A lo largo de un viaje que jam\u00e1s olvidar\u00e1, Nicolas transformar\u00e1 su cuerpo, sanar\u00e1 heridas del pasado y empezar\u00e1 a ser consciente del verdadero potencial que posee su propia mente\u2026 todo cambiar\u00e1 para siempre.<\/p>\n<p>En la l\u00ednea de la mejor narrativa inspiracional y de desarrollo personal, Rafael V\u00eddac nos ense\u00f1a a trav\u00e9s de esta historia de superaci\u00f3n c\u00f3mo podemos aplicar a nuestra vida el m\u00e9todo psico-corporal basado en la experiencia profesional del autor. Un sistema pr\u00e1ctico con el que ayuda a sus clientes a recuperar las riendas de su vida y a encontrar el camino hacia una mayor plenitud.<\/p>\n","protected":false},"excerpt":{"rendered":"<p>Rafael Vidac<\/p>\n","protected":false},"featured_media":1086,"template":"","meta":{"_joinchat":[]},"product_brand":[],"product_cat":[58,33],"product_tag":[48],"class_list":{"0":"post-1085","1":"product","2":"type-product","3":"status-publish","4":"has-post-thumbnail","6":"product_cat-desarrollo-humano-y-superacion","7":"product_cat-ficcion-general","8":"product_tag-vr-editoras","10":"first","11":"outofstock","12":"shipping-taxable","13":"purchasable","14":"product-type-simple"},"_links":{"self":[{"href":"https:\/\/libreriahistoriasdebolsillo.com\/index.php\/wp-json\/wp\/v2\/product\/1085","targetHints":{"allow":["GET"]}}],"collection":[{"href":"https:\/\/libreriahistoriasdebolsillo.com\/index.php\/wp-json\/wp\/v2\/product"}],"about":[{"href":"https:\/\/libreriahistoriasdebolsillo.com\/index.php\/wp-json\/wp\/v2\/types\/product"}],"wp:featuredmedia":[{"embeddable":true,"href":"https:\/\/libreriahistoriasdebolsillo.com\/index.php\/wp-json\/wp\/v2\/media\/1086"}],"wp:attachment":[{"href":"https:\/\/libreriahistoriasdebolsillo.com\/index.php\/wp-json\/wp\/v2\/media?parent=1085"}],"wp:term":[{"taxonomy":"product_brand","embeddable":true,"href":"https:\/\/libreriahistoriasdebolsillo.com\/index.php\/wp-json\/wp\/v2\/product_brand?post=1085"},{"taxonomy":"product_cat","embeddable":true,"href":"https:\/\/libreriahistoriasdebolsillo.com\/index.php\/wp-json\/wp\/v2\/product_cat?post=1085"},{"taxonomy":"product_tag","embeddable":true,"href":"https:\/\/libreriahistoriasdebolsillo.com\/index.php\/wp-json\/wp\/v2\/product_tag?post=1085"}],"curies":[{"name":"wp","href":"https:\/\/api.w.org\/{rel}","templated":true}]}}