{"id":1100,"date":"2023-11-21T13:13:12","date_gmt":"2023-11-21T19:13:12","guid":{"rendered":"https:\/\/libreriahistoriasdebolsillo.com\/?post_type=product&#038;p=1100"},"modified":"2025-02-14T18:15:19","modified_gmt":"2025-02-15T00:15:19","slug":"basta-de-fracasos","status":"publish","type":"product","link":"https:\/\/libreriahistoriasdebolsillo.com\/index.php\/producto\/basta-de-fracasos\/","title":{"rendered":"Basta de fracasos"},"content":{"rendered":"<p>Este libro te permitir\u00e1 utilizar tu fracasos como aprendizajes y as\u00ed podr\u00e1s convertirlos en las herramientas necesarias para alcanzar el \u00e9xito. Encontrar\u00e1s las t\u00e9cnicas para trabajar en tus proyectos de manera sostenida y, al mismo tiempo, te liberar\u00e1s de las marcas emocionales que te han dejado los fracasos del pasado.<br \/>\nEn estas p\u00e1ginas obtendr\u00e1s una gu\u00eda para romper con las trabas que te impiden conquistar tus metas, aprender a rodearte de las personas adecuadas para avanzar y descubrir\u00e1s que t\u00fa eres el mejor socio con el que ya cuentas para lograr lo que te propongas. As\u00ed podr\u00e1s decir: Basta de Fracasos.<\/p>\n","protected":false},"excerpt":{"rendered":"<p>Fernando Hern\u00e1ndez Avil\u00e9s<\/p>\n","protected":false},"featured_media":1101,"template":"","meta":{"_joinchat":[]},"product_brand":[],"product_cat":[58,41],"product_tag":[48],"class_list":{"0":"post-1100","1":"product","2":"type-product","3":"status-publish","4":"has-post-thumbnail","6":"product_cat-desarrollo-humano-y-superacion","7":"product_cat-desarrollo-humano","8":"product_tag-vr-editoras","10":"first","11":"instock","12":"shipping-taxable","13":"purchasable","14":"product-type-simple"},"_links":{"self":[{"href":"https:\/\/libreriahistoriasdebolsillo.com\/index.php\/wp-json\/wp\/v2\/product\/1100","targetHints":{"allow":["GET"]}}],"collection":[{"href":"https:\/\/libreriahistoriasdebolsillo.com\/index.php\/wp-json\/wp\/v2\/product"}],"about":[{"href":"https:\/\/libreriahistoriasdebolsillo.com\/index.php\/wp-json\/wp\/v2\/types\/product"}],"wp:featuredmedia":[{"embeddable":true,"href":"https:\/\/libreriahistoriasdebolsillo.com\/index.php\/wp-json\/wp\/v2\/media\/1101"}],"wp:attachment":[{"href":"https:\/\/libreriahistoriasdebolsillo.com\/index.php\/wp-json\/wp\/v2\/media?parent=1100"}],"wp:term":[{"taxonomy":"product_brand","embeddable":true,"href":"https:\/\/libreriahistoriasdebolsillo.com\/index.php\/wp-json\/wp\/v2\/product_brand?post=1100"},{"taxonomy":"product_cat","embeddable":true,"href":"https:\/\/libreriahistoriasdebolsillo.com\/index.php\/wp-json\/wp\/v2\/product_cat?post=1100"},{"taxonomy":"product_tag","embeddable":true,"href":"https:\/\/libreriahistoriasdebolsillo.com\/index.php\/wp-json\/wp\/v2\/product_tag?post=1100"}],"curies":[{"name":"wp","href":"https:\/\/api.w.org\/{rel}","templated":true}]}}