{"id":1103,"date":"2023-11-21T13:14:54","date_gmt":"2023-11-21T19:14:54","guid":{"rendered":"https:\/\/libreriahistoriasdebolsillo.com\/?post_type=product&#038;p=1103"},"modified":"2025-10-28T12:17:24","modified_gmt":"2025-10-28T18:17:24","slug":"la-inteligencia-emocional","status":"publish","type":"product","link":"https:\/\/libreriahistoriasdebolsillo.com\/index.php\/producto\/la-inteligencia-emocional\/","title":{"rendered":"La inteligencia emocional"},"content":{"rendered":"<p>La\u00a0<b>inteligencia emocional<\/b>\u00a0constituye un verdadero fen\u00f3meno editorial que no solamente revolucion\u00f3 el concepto de inteligencia, sino que agreg\u00f3 una nueva expresi\u00f3n a nuestro vocabulario cotidiano y cambi\u00f3 el modo en que percibimos la\u00a0<b>excelencia personal<\/b>. \u00bfPor qu\u00e9 algunas personas parecen tener un don especial que les permite\u00a0<b>vivir bien\u00a0<\/b>aunque no sean las que m\u00e1s destacan por su inteligencia? \u00bfPor qu\u00e9 no siempre el alumno m\u00e1s inteligente termina siendo el\u00a0<b>adulto que m\u00e1s \u00e9xito tiene<\/b>\u00a0en el trabajo? \u00bfPor qu\u00e9 algunos son m\u00e1s capaces que otros de enfrentar contratiempos, superar obst\u00e1culos y ver las dificultades bajo una \u00f3ptica distinta?<\/p>\n<p>Un nuevo concepto viene a darnos la respuesta a estas interrogantes. Es la inteligencia emocional la que nos permite\u00a0<b>tomar conciencia de nuestras emociones<\/b>, comprender los sentimientos de los dem\u00e1s, tolerar las presiones y frustraciones que soportamos en el trabajo, incrementar nuestra capacidad de empat\u00eda y nuestras habilidades\u00a0<b>sociales<\/b>, y aumentar nuestras posibilidades de desarrollo social.<\/p>\n<p>La buena noticia es que la inteligencia emocional se puede aprender. La revolucionaria obra de Goleman presenta ideas pr\u00e1cticas que resultar\u00e1n \u00fatiles a todos los lectores, en especial a padres y maestros. Las innovadoras estrategias que plantea ayudar\u00e1n a<b>\u00a0erradicar la violencia<\/b>\u00a0y otros rasgos negativos que son la causa de muchos males que aquejan a nuestra familia y nuestra sociedad.<\/p>\n","protected":false},"excerpt":{"rendered":"<p>Daniel Goleman<\/p>\n","protected":false},"featured_media":1104,"template":"","meta":{"_joinchat":[]},"product_brand":[],"product_cat":[58,41],"product_tag":[34],"class_list":{"0":"post-1103","1":"product","2":"type-product","3":"status-publish","4":"has-post-thumbnail","6":"product_cat-desarrollo-humano-y-superacion","7":"product_cat-desarrollo-humano","8":"product_tag-penguin-random-house","10":"first","11":"outofstock","12":"shipping-taxable","13":"purchasable","14":"product-type-simple"},"_links":{"self":[{"href":"https:\/\/libreriahistoriasdebolsillo.com\/index.php\/wp-json\/wp\/v2\/product\/1103","targetHints":{"allow":["GET"]}}],"collection":[{"href":"https:\/\/libreriahistoriasdebolsillo.com\/index.php\/wp-json\/wp\/v2\/product"}],"about":[{"href":"https:\/\/libreriahistoriasdebolsillo.com\/index.php\/wp-json\/wp\/v2\/types\/product"}],"wp:featuredmedia":[{"embeddable":true,"href":"https:\/\/libreriahistoriasdebolsillo.com\/index.php\/wp-json\/wp\/v2\/media\/1104"}],"wp:attachment":[{"href":"https:\/\/libreriahistoriasdebolsillo.com\/index.php\/wp-json\/wp\/v2\/media?parent=1103"}],"wp:term":[{"taxonomy":"product_brand","embeddable":true,"href":"https:\/\/libreriahistoriasdebolsillo.com\/index.php\/wp-json\/wp\/v2\/product_brand?post=1103"},{"taxonomy":"product_cat","embeddable":true,"href":"https:\/\/libreriahistoriasdebolsillo.com\/index.php\/wp-json\/wp\/v2\/product_cat?post=1103"},{"taxonomy":"product_tag","embeddable":true,"href":"https:\/\/libreriahistoriasdebolsillo.com\/index.php\/wp-json\/wp\/v2\/product_tag?post=1103"}],"curies":[{"name":"wp","href":"https:\/\/api.w.org\/{rel}","templated":true}]}}