{"id":1106,"date":"2023-11-21T13:17:07","date_gmt":"2023-11-21T19:17:07","guid":{"rendered":"https:\/\/libreriahistoriasdebolsillo.com\/?post_type=product&#038;p=1106"},"modified":"2026-03-12T18:22:21","modified_gmt":"2026-03-13T00:22:21","slug":"inteligencia-asertiva","status":"publish","type":"product","link":"https:\/\/libreriahistoriasdebolsillo.com\/index.php\/producto\/inteligencia-asertiva\/","title":{"rendered":"Inteligencia asertiva"},"content":{"rendered":"<p>\u00bfPOR QU\u00c9 DIJE ESO? \u00bfPOR QU\u00c9 RESPOND\u00cd DE TAN MAL MODO? \u00bfPOR QU\u00c9 ME QUED\u00c9 EN SILENCIO? Todos hemos sentido alguna vez la frustraci\u00f3n de querer decir algo y no poder. O la frustraci\u00f3n de hacerlo de la peor manera. Y despu\u00e9s, cuando estamos m\u00e1s tranquilos, los argumentos precisos nos caen de golpe en la mente. Pero ya no podemos hacer nada. Aprender a expresarnos en el momento oportuno, fluidamente, sin temor ni ansiedad y con respeto hacia nosotros mismos y hacia los dem\u00e1s no es tan dif\u00edcil como parece. En Inteligencia asertiva, Javier de la Plaza nos da las herramientas para encaminarnos hacia una nueva manera de comunicarnos, de tomar decisiones e insertarnos en el mundo. Una gu\u00eda que nos ayudar\u00e1 a sentirnos cada vez m\u00e1s seguros y satisfechos. Porque para acercarnos un poco m\u00e1s a nuestra realizaci\u00f3n personal solo necesitamos ser m\u00e1s asertivos.<\/p>\n","protected":false},"excerpt":{"rendered":"<p>Javier de la Plaza<\/p>\n","protected":false},"featured_media":1107,"template":"","meta":{"_joinchat":[]},"product_brand":[],"product_cat":[58,41],"product_tag":[48],"class_list":{"0":"post-1106","1":"product","2":"type-product","3":"status-publish","4":"has-post-thumbnail","6":"product_cat-desarrollo-humano-y-superacion","7":"product_cat-desarrollo-humano","8":"product_tag-vr-editoras","10":"first","11":"instock","12":"shipping-taxable","13":"purchasable","14":"product-type-simple"},"_links":{"self":[{"href":"https:\/\/libreriahistoriasdebolsillo.com\/index.php\/wp-json\/wp\/v2\/product\/1106","targetHints":{"allow":["GET"]}}],"collection":[{"href":"https:\/\/libreriahistoriasdebolsillo.com\/index.php\/wp-json\/wp\/v2\/product"}],"about":[{"href":"https:\/\/libreriahistoriasdebolsillo.com\/index.php\/wp-json\/wp\/v2\/types\/product"}],"wp:featuredmedia":[{"embeddable":true,"href":"https:\/\/libreriahistoriasdebolsillo.com\/index.php\/wp-json\/wp\/v2\/media\/1107"}],"wp:attachment":[{"href":"https:\/\/libreriahistoriasdebolsillo.com\/index.php\/wp-json\/wp\/v2\/media?parent=1106"}],"wp:term":[{"taxonomy":"product_brand","embeddable":true,"href":"https:\/\/libreriahistoriasdebolsillo.com\/index.php\/wp-json\/wp\/v2\/product_brand?post=1106"},{"taxonomy":"product_cat","embeddable":true,"href":"https:\/\/libreriahistoriasdebolsillo.com\/index.php\/wp-json\/wp\/v2\/product_cat?post=1106"},{"taxonomy":"product_tag","embeddable":true,"href":"https:\/\/libreriahistoriasdebolsillo.com\/index.php\/wp-json\/wp\/v2\/product_tag?post=1106"}],"curies":[{"name":"wp","href":"https:\/\/api.w.org\/{rel}","templated":true}]}}