{"id":1111,"date":"2023-11-21T13:20:49","date_gmt":"2023-11-21T19:20:49","guid":{"rendered":"https:\/\/libreriahistoriasdebolsillo.com\/?post_type=product&#038;p=1111"},"modified":"2024-10-21T17:48:26","modified_gmt":"2024-10-21T23:48:26","slug":"como-ser-exitoso-siendo-tu-mismo","status":"publish","type":"product","link":"https:\/\/libreriahistoriasdebolsillo.com\/index.php\/producto\/como-ser-exitoso-siendo-tu-mismo\/","title":{"rendered":"C\u00f3mo ser exitoso siendo t\u00fa mismo"},"content":{"rendered":"<p>Bienvenido a un libro verdaderamente \u00fanico en su tipo, una experiencia interactiva que cambiar\u00e1 tu vida de la forma que necesites. \u00a1Y lo \u00fanico que tienes que hacer es leerlo! Sin exageraciones, lenguaje complicado ni misterio, aqu\u00ed encontrar\u00e1s palabras sencillas que te ayudar\u00e1n a vislumbrar nuevas posibilidades y a reprogramar tu software mental para eliminar miedos, preocupaciones y creencias que te limitan. Deja de buscar la respuesta fuera de ti y, en su lugar, comienza a hallarlas en tu interior. \u201cEs mejor que sepas que este es un libro completamente manipulador: te manipular\u00e1 para que encuentres la paz que quiz\u00e1 no haz sentido en muchos a\u00f1os\u201d.<\/p>\n","protected":false},"excerpt":{"rendered":"<p>David Taylor<\/p>\n","protected":false},"featured_media":1112,"template":"","meta":{"_joinchat":[]},"product_brand":[],"product_cat":[58,41],"product_tag":[48],"class_list":{"0":"post-1111","1":"product","2":"type-product","3":"status-publish","4":"has-post-thumbnail","6":"product_cat-desarrollo-humano-y-superacion","7":"product_cat-desarrollo-humano","8":"product_tag-vr-editoras","10":"first","11":"instock","12":"shipping-taxable","13":"purchasable","14":"product-type-simple"},"_links":{"self":[{"href":"https:\/\/libreriahistoriasdebolsillo.com\/index.php\/wp-json\/wp\/v2\/product\/1111","targetHints":{"allow":["GET"]}}],"collection":[{"href":"https:\/\/libreriahistoriasdebolsillo.com\/index.php\/wp-json\/wp\/v2\/product"}],"about":[{"href":"https:\/\/libreriahistoriasdebolsillo.com\/index.php\/wp-json\/wp\/v2\/types\/product"}],"wp:featuredmedia":[{"embeddable":true,"href":"https:\/\/libreriahistoriasdebolsillo.com\/index.php\/wp-json\/wp\/v2\/media\/1112"}],"wp:attachment":[{"href":"https:\/\/libreriahistoriasdebolsillo.com\/index.php\/wp-json\/wp\/v2\/media?parent=1111"}],"wp:term":[{"taxonomy":"product_brand","embeddable":true,"href":"https:\/\/libreriahistoriasdebolsillo.com\/index.php\/wp-json\/wp\/v2\/product_brand?post=1111"},{"taxonomy":"product_cat","embeddable":true,"href":"https:\/\/libreriahistoriasdebolsillo.com\/index.php\/wp-json\/wp\/v2\/product_cat?post=1111"},{"taxonomy":"product_tag","embeddable":true,"href":"https:\/\/libreriahistoriasdebolsillo.com\/index.php\/wp-json\/wp\/v2\/product_tag?post=1111"}],"curies":[{"name":"wp","href":"https:\/\/api.w.org\/{rel}","templated":true}]}}