{"id":1125,"date":"2023-11-21T13:31:26","date_gmt":"2023-11-21T19:31:26","guid":{"rendered":"https:\/\/libreriahistoriasdebolsillo.com\/?post_type=product&#038;p=1125"},"modified":"2023-11-21T15:18:19","modified_gmt":"2023-11-21T21:18:19","slug":"destellos","status":"publish","type":"product","link":"https:\/\/libreriahistoriasdebolsillo.com\/index.php\/producto\/destellos\/","title":{"rendered":"Destellos"},"content":{"rendered":"<p><b>Del autor bestseller de\u00a0<i>Por el placer de vivir<\/i>\u00a0y\u00a0<i>El lado f\u00e1cil de la gente dif\u00edcil<\/i>.<\/b><\/p>\n<p><b>C\u00e9sar Lozano ha motivado a m\u00e1s de 20 millones de personas en el mundo.<\/b><\/p>\n<p><b>Reflexiones que dar\u00e1n m\u00e1s luz a tu vida y dejar\u00e1n en ti un buen sabor de boca para vivir con amor y armon\u00eda.<\/b><\/p>\n<p>Un libro que proporciona herramientas y t\u00e9cnicas pr\u00e1cticas y \u00fatiles para mejorar tus relaciones con los dem\u00e1s y para sobrellevar las adversidades que se presentan a diario; un libro lleno de destellos de luz para elevar tu autoestima, el amor por la vida y destellos de esperanza para darle sentido a tus acciones y decisiones. Una serie de reflexiones que dejar\u00e1n en ti un buen sabor de boca para vivir con amor y armon\u00eda.<\/p>\n","protected":false},"excerpt":{"rendered":"<p>C\u00e9sar Lozano<\/p>\n","protected":false},"featured_media":1126,"template":"","meta":{"_joinchat":[]},"product_brand":[],"product_cat":[58,41],"product_tag":[34],"class_list":{"0":"post-1125","1":"product","2":"type-product","3":"status-publish","4":"has-post-thumbnail","6":"product_cat-desarrollo-humano-y-superacion","7":"product_cat-desarrollo-humano","8":"product_tag-penguin-random-house","10":"first","11":"outofstock","12":"shipping-taxable","13":"purchasable","14":"product-type-simple"},"_links":{"self":[{"href":"https:\/\/libreriahistoriasdebolsillo.com\/index.php\/wp-json\/wp\/v2\/product\/1125","targetHints":{"allow":["GET"]}}],"collection":[{"href":"https:\/\/libreriahistoriasdebolsillo.com\/index.php\/wp-json\/wp\/v2\/product"}],"about":[{"href":"https:\/\/libreriahistoriasdebolsillo.com\/index.php\/wp-json\/wp\/v2\/types\/product"}],"wp:featuredmedia":[{"embeddable":true,"href":"https:\/\/libreriahistoriasdebolsillo.com\/index.php\/wp-json\/wp\/v2\/media\/1126"}],"wp:attachment":[{"href":"https:\/\/libreriahistoriasdebolsillo.com\/index.php\/wp-json\/wp\/v2\/media?parent=1125"}],"wp:term":[{"taxonomy":"product_brand","embeddable":true,"href":"https:\/\/libreriahistoriasdebolsillo.com\/index.php\/wp-json\/wp\/v2\/product_brand?post=1125"},{"taxonomy":"product_cat","embeddable":true,"href":"https:\/\/libreriahistoriasdebolsillo.com\/index.php\/wp-json\/wp\/v2\/product_cat?post=1125"},{"taxonomy":"product_tag","embeddable":true,"href":"https:\/\/libreriahistoriasdebolsillo.com\/index.php\/wp-json\/wp\/v2\/product_tag?post=1125"}],"curies":[{"name":"wp","href":"https:\/\/api.w.org\/{rel}","templated":true}]}}