{"id":1127,"date":"2023-11-21T13:33:00","date_gmt":"2023-11-21T19:33:00","guid":{"rendered":"https:\/\/libreriahistoriasdebolsillo.com\/?post_type=product&#038;p=1127"},"modified":"2025-11-20T12:59:28","modified_gmt":"2025-11-20T18:59:28","slug":"actitud-positiva-y-a-las-pruebas-me-remito","status":"publish","type":"product","link":"https:\/\/libreriahistoriasdebolsillo.com\/index.php\/producto\/actitud-positiva-y-a-las-pruebas-me-remito\/","title":{"rendered":"Actitud positiva&#8230; \u00a1y a las pruebas me remito!"},"content":{"rendered":"<p>\u00abSiempre quise publicar en un solo libro las investigaciones de las universidades de mayor prestigio en el mundo sobre temas relacionados con la actitud y c\u00f3mo influye para bien o para mal en los seres humanos. Por eso,\u00a0<b>este libro contiene la informaci\u00f3n necesaria para motivarte a hacer un cambio urgente de actitud<\/b>\u00a0y sobre los grandes beneficios que obtendr\u00e1s al tomar esta decisi\u00f3n. Aqu\u00ed te presento pruebas impactantes de c\u00f3mo los corajes, los celos, el resentimiento, el estr\u00e9s y la falta de ejercicio te acercan a la enfermedad o al envejecimiento prematuro\u00bb.<\/p>\n<p>\u00bfDe verdad la preocupaci\u00f3n nos acerca a lo que no deseamos? \u00bfEs mejor solo que mal acompa\u00f1ado? \u00bfNos enamoramos con el cerebro o con el coraz\u00f3n?\u00a0<b>\u00bfExisten pruebas de que cuando rezo por alguien o le deseo bien, cambia su vida favorablemente?\u00a0<\/b>\u00bfLa actitud positiva y la negativa se contagian? \u00bfEl sufrimiento se puede convertir en adicci\u00f3n? \u00bfEs verdadque la sobreexposici\u00f3n a las redes sociales afecta nuestra estima?\u00a0<b>\u00bfNuestros pensamientos influyen para preservar nuestra salud y nuestra juventud?<\/b><\/p>\n<p>Todas las respuestas y mucho m\u00e1s encontrar\u00e1s en este libro basado en los aportes de la ciencia m\u00e1s avanzados. Adem\u00e1s de las revelaciones cient\u00edficas, la experiencia m\u00e9dica y maravillosas an\u00e9cdotas divertidas que se convierten en lecciones de vida.<\/p>\n<p>AUTOR BESTSELLER CON M\u00c1S DE<\/p>\n<p>1,000,000 DE LIBROS VENDIDOS<\/p>\n","protected":false},"excerpt":{"rendered":"<p>C\u00e9sar Lozano<\/p>\n","protected":false},"featured_media":1128,"template":"","meta":{"_joinchat":[]},"product_brand":[],"product_cat":[58,41],"product_tag":[34],"class_list":{"0":"post-1127","1":"product","2":"type-product","3":"status-publish","4":"has-post-thumbnail","6":"product_cat-desarrollo-humano-y-superacion","7":"product_cat-desarrollo-humano","8":"product_tag-penguin-random-house","10":"first","11":"outofstock","12":"shipping-taxable","13":"purchasable","14":"product-type-simple"},"_links":{"self":[{"href":"https:\/\/libreriahistoriasdebolsillo.com\/index.php\/wp-json\/wp\/v2\/product\/1127","targetHints":{"allow":["GET"]}}],"collection":[{"href":"https:\/\/libreriahistoriasdebolsillo.com\/index.php\/wp-json\/wp\/v2\/product"}],"about":[{"href":"https:\/\/libreriahistoriasdebolsillo.com\/index.php\/wp-json\/wp\/v2\/types\/product"}],"wp:featuredmedia":[{"embeddable":true,"href":"https:\/\/libreriahistoriasdebolsillo.com\/index.php\/wp-json\/wp\/v2\/media\/1128"}],"wp:attachment":[{"href":"https:\/\/libreriahistoriasdebolsillo.com\/index.php\/wp-json\/wp\/v2\/media?parent=1127"}],"wp:term":[{"taxonomy":"product_brand","embeddable":true,"href":"https:\/\/libreriahistoriasdebolsillo.com\/index.php\/wp-json\/wp\/v2\/product_brand?post=1127"},{"taxonomy":"product_cat","embeddable":true,"href":"https:\/\/libreriahistoriasdebolsillo.com\/index.php\/wp-json\/wp\/v2\/product_cat?post=1127"},{"taxonomy":"product_tag","embeddable":true,"href":"https:\/\/libreriahistoriasdebolsillo.com\/index.php\/wp-json\/wp\/v2\/product_tag?post=1127"}],"curies":[{"name":"wp","href":"https:\/\/api.w.org\/{rel}","templated":true}]}}