{"id":1129,"date":"2023-11-21T13:34:55","date_gmt":"2023-11-21T19:34:55","guid":{"rendered":"https:\/\/libreriahistoriasdebolsillo.com\/?post_type=product&#038;p=1129"},"modified":"2025-02-14T18:16:49","modified_gmt":"2025-02-15T00:16:49","slug":"la-verdadera-pildora-de-la-felicidad","status":"publish","type":"product","link":"https:\/\/libreriahistoriasdebolsillo.com\/index.php\/producto\/la-verdadera-pildora-de-la-felicidad\/","title":{"rendered":"La verdadera p\u00edldora de la felicidad"},"content":{"rendered":"<div id=\"deepCheckPromise_feature_div\" class=\"celwidget\" data-feature-name=\"deepCheckPromise\" data-csa-c-type=\"widget\" data-csa-c-content-id=\"deepCheckPromise\" data-csa-c-slot-id=\"deepCheckPromise_feature_div\" data-csa-c-asin=\"8491875719\" data-csa-c-is-in-initial-active-row=\"false\" data-csa-c-id=\"lptuxp-envc2r-tv7l5p-ajsfy\" data-cel-widget=\"deepCheckPromise_feature_div\">Existe una manera de reducir el estr\u00e9s y la ansiedad al tiempo que incrementas tu memoria. Una estrategia para elevar tu coeficiente intelectual mientras ralentizas el envejecimiento. Un proceso para ser m\u00e1s creativo y entrenar la capacidad de concentraci\u00f3n. Todo ello es posible y, adem\u00e1s, simple: \u00a1MU\u00c9VETE! La neurociencia nos demuestra c\u00f3mo la actividad f\u00edsica fortalece el cerebro, y optimiza nuestras capacidades mentales y nuestro estado de \u00e1nimo. Con este libro aprender\u00e1s a utilizar el deporte como una verdadera p\u00edldora, al alcance de todos, que nos procura la felicidad.<\/div>\n","protected":false},"excerpt":{"rendered":"<p>Anders Hansen<\/p>\n","protected":false},"featured_media":1130,"template":"","meta":{"_joinchat":[]},"product_brand":[],"product_cat":[58,41],"product_tag":[48],"class_list":{"0":"post-1129","1":"product","2":"type-product","3":"status-publish","4":"has-post-thumbnail","6":"product_cat-desarrollo-humano-y-superacion","7":"product_cat-desarrollo-humano","8":"product_tag-vr-editoras","10":"first","11":"instock","12":"shipping-taxable","13":"purchasable","14":"product-type-simple"},"_links":{"self":[{"href":"https:\/\/libreriahistoriasdebolsillo.com\/index.php\/wp-json\/wp\/v2\/product\/1129","targetHints":{"allow":["GET"]}}],"collection":[{"href":"https:\/\/libreriahistoriasdebolsillo.com\/index.php\/wp-json\/wp\/v2\/product"}],"about":[{"href":"https:\/\/libreriahistoriasdebolsillo.com\/index.php\/wp-json\/wp\/v2\/types\/product"}],"wp:featuredmedia":[{"embeddable":true,"href":"https:\/\/libreriahistoriasdebolsillo.com\/index.php\/wp-json\/wp\/v2\/media\/1130"}],"wp:attachment":[{"href":"https:\/\/libreriahistoriasdebolsillo.com\/index.php\/wp-json\/wp\/v2\/media?parent=1129"}],"wp:term":[{"taxonomy":"product_brand","embeddable":true,"href":"https:\/\/libreriahistoriasdebolsillo.com\/index.php\/wp-json\/wp\/v2\/product_brand?post=1129"},{"taxonomy":"product_cat","embeddable":true,"href":"https:\/\/libreriahistoriasdebolsillo.com\/index.php\/wp-json\/wp\/v2\/product_cat?post=1129"},{"taxonomy":"product_tag","embeddable":true,"href":"https:\/\/libreriahistoriasdebolsillo.com\/index.php\/wp-json\/wp\/v2\/product_tag?post=1129"}],"curies":[{"name":"wp","href":"https:\/\/api.w.org\/{rel}","templated":true}]}}