{"id":1131,"date":"2023-11-21T13:36:37","date_gmt":"2023-11-21T19:36:37","guid":{"rendered":"https:\/\/libreriahistoriasdebolsillo.com\/?post_type=product&#038;p=1131"},"modified":"2023-11-21T13:36:37","modified_gmt":"2023-11-21T19:36:37","slug":"acepta-el-cambio-para-lograr-el-exito","status":"publish","type":"product","link":"https:\/\/libreriahistoriasdebolsillo.com\/index.php\/producto\/acepta-el-cambio-para-lograr-el-exito\/","title":{"rendered":"Acepta el cambio para lograr el \u00e9xito"},"content":{"rendered":"<p>La capacidad de promover los cambios y adaptarse a ellos es uno de los factores m\u00e1s importantes para alcanzar el \u00e9xito tanto en la vida privada como en el trabajo. A menudo pensamos que cuando un m\u00e9todo funciona, lo har\u00e1 para siempre; sin embargo, esta consigna a veces no es cierta: lo que hoy tiene validez puede no ser el mejor enfoque para el futuro. Si queremos progresar, debemos estar dispuestos a hacer cambios, incluso de gran envergadura. En estas p\u00e1ginas, encontrar\u00e1s informaci\u00f3n pr\u00e1ctica y detallada sobre:<\/p>\n<p>-C\u00f3mo y cu\u00e1ndo deber\u00edamos sugerir o iniciar un cambio<\/p>\n<p>-C\u00f3mo lidiar con el cambio cuando formamos parte de un equipo<\/p>\n<p>-C\u00f3mo reducir el estr\u00e9s cuando estamos afrontando un cambio<\/p>\n<p><b>Esta es una gu\u00eda fundamental para lograr que los cambios nos ayuden a transitar hacia el \u00e9xito.<\/b><\/p>\n","protected":false},"excerpt":{"rendered":"<p>Dale Carnegie<\/p>\n","protected":false},"featured_media":1132,"template":"","meta":{"_joinchat":[]},"product_brand":[],"product_cat":[58,41],"product_tag":[34],"class_list":{"0":"post-1131","1":"product","2":"type-product","3":"status-publish","4":"has-post-thumbnail","6":"product_cat-desarrollo-humano-y-superacion","7":"product_cat-desarrollo-humano","8":"product_tag-penguin-random-house","10":"first","11":"instock","12":"shipping-taxable","13":"purchasable","14":"product-type-simple"},"_links":{"self":[{"href":"https:\/\/libreriahistoriasdebolsillo.com\/index.php\/wp-json\/wp\/v2\/product\/1131","targetHints":{"allow":["GET"]}}],"collection":[{"href":"https:\/\/libreriahistoriasdebolsillo.com\/index.php\/wp-json\/wp\/v2\/product"}],"about":[{"href":"https:\/\/libreriahistoriasdebolsillo.com\/index.php\/wp-json\/wp\/v2\/types\/product"}],"wp:featuredmedia":[{"embeddable":true,"href":"https:\/\/libreriahistoriasdebolsillo.com\/index.php\/wp-json\/wp\/v2\/media\/1132"}],"wp:attachment":[{"href":"https:\/\/libreriahistoriasdebolsillo.com\/index.php\/wp-json\/wp\/v2\/media?parent=1131"}],"wp:term":[{"taxonomy":"product_brand","embeddable":true,"href":"https:\/\/libreriahistoriasdebolsillo.com\/index.php\/wp-json\/wp\/v2\/product_brand?post=1131"},{"taxonomy":"product_cat","embeddable":true,"href":"https:\/\/libreriahistoriasdebolsillo.com\/index.php\/wp-json\/wp\/v2\/product_cat?post=1131"},{"taxonomy":"product_tag","embeddable":true,"href":"https:\/\/libreriahistoriasdebolsillo.com\/index.php\/wp-json\/wp\/v2\/product_tag?post=1131"}],"curies":[{"name":"wp","href":"https:\/\/api.w.org\/{rel}","templated":true}]}}