{"id":1133,"date":"2023-11-21T13:38:48","date_gmt":"2023-11-21T19:38:48","guid":{"rendered":"https:\/\/libreriahistoriasdebolsillo.com\/?post_type=product&#038;p=1133"},"modified":"2024-04-26T17:09:29","modified_gmt":"2024-04-26T23:09:29","slug":"el-camino-facil-y-rapido-para-hablar-eficazmente","status":"publish","type":"product","link":"https:\/\/libreriahistoriasdebolsillo.com\/index.php\/producto\/el-camino-facil-y-rapido-para-hablar-eficazmente\/","title":{"rendered":"El camino f\u00e1cil y r\u00e1pido para hablar eficazmente"},"content":{"rendered":"<p><b>La habilidad de expresar una idea\u00a0<\/b>es tan importante como la idea misma: los negocios y la satisfacci\u00f3n personal y social dependen de la habilidad de comunicar a los dem\u00e1s qui\u00e9nes somos, qu\u00e9 deseamos y en qu\u00e9 creemos.<\/p>\n<p><i>El camino f\u00e1cil y r\u00e1pido para hablar eficazmente<\/i>\u00a0est\u00e1 basado en la experiencia de m\u00e1s de setenta a\u00f1os del curso de Dale Carnegie -autor del bestseller\u00a0<i><b>C\u00f3mo ganar amigos e influir sobre las personas<\/b><\/i>&#8211; para aprender a hablar de manera adecuada y efectiva en p\u00fablico. Un veloz sistema para conducir con\u00a0<b>destreza\u00a0<\/b>sus comunicaciones cotidianas, basado en tres principios:\u00a0<b>saber qu\u00e9 decir, decirlo con convicci\u00f3n y decirlo claramente.<\/b>\u00a0Se trata de t\u00e9cnicas fundamentales no s\u00f3lo para dar charlas o conferencias, sino para dar explicaciones o impartir instrucciones, ya sea en el trabajo o en sus relaciones sociales.Sin duda, dominar estas estrategias y recursos incrementar\u00e1 su confianza personal y potenciar\u00e1 sus cualidades de\u00a0<b>liderazgo<\/b>.<\/p>\n","protected":false},"excerpt":{"rendered":"<p>Dale Carnegie<\/p>\n","protected":false},"featured_media":1134,"template":"","meta":{"_joinchat":[]},"product_brand":[],"product_cat":[58,41],"product_tag":[34],"class_list":{"0":"post-1133","1":"product","2":"type-product","3":"status-publish","4":"has-post-thumbnail","6":"product_cat-desarrollo-humano-y-superacion","7":"product_cat-desarrollo-humano","8":"product_tag-penguin-random-house","10":"first","11":"outofstock","12":"shipping-taxable","13":"purchasable","14":"product-type-simple"},"_links":{"self":[{"href":"https:\/\/libreriahistoriasdebolsillo.com\/index.php\/wp-json\/wp\/v2\/product\/1133","targetHints":{"allow":["GET"]}}],"collection":[{"href":"https:\/\/libreriahistoriasdebolsillo.com\/index.php\/wp-json\/wp\/v2\/product"}],"about":[{"href":"https:\/\/libreriahistoriasdebolsillo.com\/index.php\/wp-json\/wp\/v2\/types\/product"}],"wp:featuredmedia":[{"embeddable":true,"href":"https:\/\/libreriahistoriasdebolsillo.com\/index.php\/wp-json\/wp\/v2\/media\/1134"}],"wp:attachment":[{"href":"https:\/\/libreriahistoriasdebolsillo.com\/index.php\/wp-json\/wp\/v2\/media?parent=1133"}],"wp:term":[{"taxonomy":"product_brand","embeddable":true,"href":"https:\/\/libreriahistoriasdebolsillo.com\/index.php\/wp-json\/wp\/v2\/product_brand?post=1133"},{"taxonomy":"product_cat","embeddable":true,"href":"https:\/\/libreriahistoriasdebolsillo.com\/index.php\/wp-json\/wp\/v2\/product_cat?post=1133"},{"taxonomy":"product_tag","embeddable":true,"href":"https:\/\/libreriahistoriasdebolsillo.com\/index.php\/wp-json\/wp\/v2\/product_tag?post=1133"}],"curies":[{"name":"wp","href":"https:\/\/api.w.org\/{rel}","templated":true}]}}