{"id":1136,"date":"2023-11-21T13:40:43","date_gmt":"2023-11-21T19:40:43","guid":{"rendered":"https:\/\/libreriahistoriasdebolsillo.com\/?post_type=product&#038;p=1136"},"modified":"2025-11-06T17:20:57","modified_gmt":"2025-11-06T23:20:57","slug":"la-semana-laboral-de-4-horas","status":"publish","type":"product","link":"https:\/\/libreriahistoriasdebolsillo.com\/index.php\/producto\/la-semana-laboral-de-4-horas\/","title":{"rendered":"La semana laboral de 4 horas"},"content":{"rendered":"<p>Olv\u00eddate de la jubilaci\u00f3n y deja de aplazar tu vida: no hay ninguna necesidad de esperar y s\u00ed un mont\u00f3n de razones para no hacerlo, sobre todo en momentos econ\u00f3micamente imprevisibles. Si tu sue\u00f1o es dejar de depender de un sueldo, viajar por el mundo a todo tren, ingresar m\u00e1s de 10.000 euros al mes, o simplemente vivir m\u00e1s y trabajar menos, este libro es la br\u00fajula que necesitas.<\/p>\n","protected":false},"excerpt":{"rendered":"<p>Timothy Ferriss<\/p>\n","protected":false},"featured_media":1137,"template":"","meta":{"_joinchat":[]},"product_brand":[],"product_cat":[58,41],"product_tag":[48],"class_list":{"0":"post-1136","1":"product","2":"type-product","3":"status-publish","4":"has-post-thumbnail","6":"product_cat-desarrollo-humano-y-superacion","7":"product_cat-desarrollo-humano","8":"product_tag-vr-editoras","10":"first","11":"instock","12":"shipping-taxable","13":"purchasable","14":"product-type-simple"},"_links":{"self":[{"href":"https:\/\/libreriahistoriasdebolsillo.com\/index.php\/wp-json\/wp\/v2\/product\/1136","targetHints":{"allow":["GET"]}}],"collection":[{"href":"https:\/\/libreriahistoriasdebolsillo.com\/index.php\/wp-json\/wp\/v2\/product"}],"about":[{"href":"https:\/\/libreriahistoriasdebolsillo.com\/index.php\/wp-json\/wp\/v2\/types\/product"}],"wp:featuredmedia":[{"embeddable":true,"href":"https:\/\/libreriahistoriasdebolsillo.com\/index.php\/wp-json\/wp\/v2\/media\/1137"}],"wp:attachment":[{"href":"https:\/\/libreriahistoriasdebolsillo.com\/index.php\/wp-json\/wp\/v2\/media?parent=1136"}],"wp:term":[{"taxonomy":"product_brand","embeddable":true,"href":"https:\/\/libreriahistoriasdebolsillo.com\/index.php\/wp-json\/wp\/v2\/product_brand?post=1136"},{"taxonomy":"product_cat","embeddable":true,"href":"https:\/\/libreriahistoriasdebolsillo.com\/index.php\/wp-json\/wp\/v2\/product_cat?post=1136"},{"taxonomy":"product_tag","embeddable":true,"href":"https:\/\/libreriahistoriasdebolsillo.com\/index.php\/wp-json\/wp\/v2\/product_tag?post=1136"}],"curies":[{"name":"wp","href":"https:\/\/api.w.org\/{rel}","templated":true}]}}