{"id":1139,"date":"2023-11-21T13:44:20","date_gmt":"2023-11-21T19:44:20","guid":{"rendered":"https:\/\/libreriahistoriasdebolsillo.com\/?post_type=product&#038;p=1139"},"modified":"2025-06-27T17:34:02","modified_gmt":"2025-06-27T23:34:02","slug":"el-camino-de-la-fuerza-mental-domina-tu-ansiedad-para-ser-feliz","status":"publish","type":"product","link":"https:\/\/libreriahistoriasdebolsillo.com\/index.php\/producto\/el-camino-de-la-fuerza-mental-domina-tu-ansiedad-para-ser-feliz\/","title":{"rendered":"El camino de la fuerza mental. Domina tu ansiedad para ser feliz"},"content":{"rendered":"<p>\u00bfQu\u00e9 pasar\u00eda si pudieras convertir la ansiedad en un superpoder? \u00bfY si la clave para caminar hacia tus objetivos fuera aprender a hacer las paces con ella?<\/p>\n<p>Es com\u00fan que pensemos la ansiedad como si fuera el villano de la pel\u00edcula. Un provocador mental que nos llena de preocupaciones, estr\u00e9s y miedos, que se apodera de nosotros en un abrir y cerrar de ojos. Pero a pesar de lo paralizante que puede ser, es posible cambiar nuestra relaci\u00f3n con ella.<\/p>\n<p>El camino de la fuerza mental presenta un m\u00e9todo basado en a\u00f1os de investigaci\u00f3n y pr\u00e1ctica cl\u00ednica, con herramientas para dominar y entender a ese provocador que vive en tu cabeza. Te ayudar\u00e1 a comprender que tras la ansiedad existe un coraz\u00f3n emotivo. Una mente fuerte y anal\u00edtica que solo necesita despejar la maleza del camino para encontrar la paz.<\/p>\n","protected":false},"excerpt":{"rendered":"<p>Dra. Jodie Lowinger<\/p>\n","protected":false},"featured_media":1140,"template":"","meta":{"_joinchat":[]},"product_brand":[],"product_cat":[60,41],"product_tag":[48],"class_list":{"0":"post-1139","1":"product","2":"type-product","3":"status-publish","4":"has-post-thumbnail","6":"product_cat-ciencia","7":"product_cat-desarrollo-humano","8":"product_tag-vr-editoras","10":"first","11":"instock","12":"shipping-taxable","13":"purchasable","14":"product-type-simple"},"_links":{"self":[{"href":"https:\/\/libreriahistoriasdebolsillo.com\/index.php\/wp-json\/wp\/v2\/product\/1139","targetHints":{"allow":["GET"]}}],"collection":[{"href":"https:\/\/libreriahistoriasdebolsillo.com\/index.php\/wp-json\/wp\/v2\/product"}],"about":[{"href":"https:\/\/libreriahistoriasdebolsillo.com\/index.php\/wp-json\/wp\/v2\/types\/product"}],"wp:featuredmedia":[{"embeddable":true,"href":"https:\/\/libreriahistoriasdebolsillo.com\/index.php\/wp-json\/wp\/v2\/media\/1140"}],"wp:attachment":[{"href":"https:\/\/libreriahistoriasdebolsillo.com\/index.php\/wp-json\/wp\/v2\/media?parent=1139"}],"wp:term":[{"taxonomy":"product_brand","embeddable":true,"href":"https:\/\/libreriahistoriasdebolsillo.com\/index.php\/wp-json\/wp\/v2\/product_brand?post=1139"},{"taxonomy":"product_cat","embeddable":true,"href":"https:\/\/libreriahistoriasdebolsillo.com\/index.php\/wp-json\/wp\/v2\/product_cat?post=1139"},{"taxonomy":"product_tag","embeddable":true,"href":"https:\/\/libreriahistoriasdebolsillo.com\/index.php\/wp-json\/wp\/v2\/product_tag?post=1139"}],"curies":[{"name":"wp","href":"https:\/\/api.w.org\/{rel}","templated":true}]}}