{"id":1142,"date":"2023-11-21T13:46:33","date_gmt":"2023-11-21T19:46:33","guid":{"rendered":"https:\/\/libreriahistoriasdebolsillo.com\/?post_type=product&#038;p=1142"},"modified":"2023-12-20T18:56:57","modified_gmt":"2023-12-21T00:56:57","slug":"amor-y-desamor-en-el-cerebro","status":"publish","type":"product","link":"https:\/\/libreriahistoriasdebolsillo.com\/index.php\/producto\/amor-y-desamor-en-el-cerebro\/","title":{"rendered":"Amor y desamor en el cerebro"},"content":{"rendered":"<p>Cuando nos enamoramos el mundo es\u00a0<b>brillante\u00a0<\/b>y colorido, ella o \u00e9l son lo m\u00e1ximo, poseen las m\u00e1s grandes virtudes, son hermosos, \u00a1perfectos! Pero qu\u00e9 pasa cuando ella o \u00e9l deciden\u00a0<b>terminar la relaci\u00f3n<\/b>\u00a0sin tomar en cuenta nuestros sentimientos: todo se vuelve dolor, tristeza, oscuridad# \u00bfQu\u00e9 fue de tan inmenso amor? \u00bfA d\u00f3nde volaron las mariposas que sent\u00edamos en el est\u00f3mago?\u00a0<b>\u00bfPor qu\u00e9 me han roto el coraz\u00f3n?<\/b><\/p>\n<p>Lo cierto es que ni ten\u00edas mariposas en el est\u00f3mago -quiz\u00e1 algunos bichos s\u00ed-, ni te rompen nada: s\u00f3lo ocurre que tu cerebro responde a las emociones y a los hechos de formas diversas, un m\u00e1gico coctel de\u00a0<b>oxitocina, adrenalina, dopamina, endorfinas, y dem\u00e1s cosa fina<\/b>, arman tremenda fiesta en tu cabeza.<\/p>\n<p>En este libro cautivante, el doctor Eduardo Calixto explica con gran claridad el<b>\u00a0papel del cerebro<\/b>\u00a0cuando nos enamoramos, sentimos un deseo sexual, experimentamos celos o la nostalgia se apodera de nosotros si terminamos una relaci\u00f3n que nos hac\u00eda felices. A partir de numerosas historias de vida,\u00a0<b>testimonios\u00a0<\/b>divertid\u00edsimos, tr\u00e1gicos, conmovedores, incluso del m\u00e1s puro terror, el doctor Calixto revela diferentes\u00a0<b>tipos de personalidades<\/b>\u00a0en las relaciones: los manipuladores, los violentos pasivos, los mentirosos compulsivos, los codependientes, los infieles. En sus palabras, la compleja terminolog\u00eda de la\u00a0<b>neurociencia\u00a0<\/b>se vuelve accesible y f\u00e1cil.<\/p>\n","protected":false},"excerpt":{"rendered":"<p>Dr. Eduardo Calixto<\/p>\n","protected":false},"featured_media":1143,"template":"","meta":{"_joinchat":[]},"product_brand":[],"product_cat":[60,41],"product_tag":[34],"class_list":{"0":"post-1142","1":"product","2":"type-product","3":"status-publish","4":"has-post-thumbnail","6":"product_cat-ciencia","7":"product_cat-desarrollo-humano","8":"product_tag-penguin-random-house","10":"first","11":"outofstock","12":"shipping-taxable","13":"purchasable","14":"product-type-simple"},"_links":{"self":[{"href":"https:\/\/libreriahistoriasdebolsillo.com\/index.php\/wp-json\/wp\/v2\/product\/1142","targetHints":{"allow":["GET"]}}],"collection":[{"href":"https:\/\/libreriahistoriasdebolsillo.com\/index.php\/wp-json\/wp\/v2\/product"}],"about":[{"href":"https:\/\/libreriahistoriasdebolsillo.com\/index.php\/wp-json\/wp\/v2\/types\/product"}],"wp:featuredmedia":[{"embeddable":true,"href":"https:\/\/libreriahistoriasdebolsillo.com\/index.php\/wp-json\/wp\/v2\/media\/1143"}],"wp:attachment":[{"href":"https:\/\/libreriahistoriasdebolsillo.com\/index.php\/wp-json\/wp\/v2\/media?parent=1142"}],"wp:term":[{"taxonomy":"product_brand","embeddable":true,"href":"https:\/\/libreriahistoriasdebolsillo.com\/index.php\/wp-json\/wp\/v2\/product_brand?post=1142"},{"taxonomy":"product_cat","embeddable":true,"href":"https:\/\/libreriahistoriasdebolsillo.com\/index.php\/wp-json\/wp\/v2\/product_cat?post=1142"},{"taxonomy":"product_tag","embeddable":true,"href":"https:\/\/libreriahistoriasdebolsillo.com\/index.php\/wp-json\/wp\/v2\/product_tag?post=1142"}],"curies":[{"name":"wp","href":"https:\/\/api.w.org\/{rel}","templated":true}]}}