{"id":1154,"date":"2023-11-21T13:54:48","date_gmt":"2023-11-21T19:54:48","guid":{"rendered":"https:\/\/libreriahistoriasdebolsillo.com\/?post_type=product&#038;p=1154"},"modified":"2025-02-14T16:48:21","modified_gmt":"2025-02-14T22:48:21","slug":"por-que-ser-feliz-el-camino-japones-de-la-aceptacion","status":"publish","type":"product","link":"https:\/\/libreriahistoriasdebolsillo.com\/index.php\/producto\/por-que-ser-feliz-el-camino-japones-de-la-aceptacion\/","title":{"rendered":"\u00bfPor qu\u00e9 ser feliz? El camino Japon\u00e9s de la aceptaci\u00f3n"},"content":{"rendered":"<p>Los japoneses tienen muchos terminos para expresar\u00a0aceptaci\u00f3n. El m\u00e1s conmovedor de todos es\u00a0ukeireru, un concepto que hace referencia a la actitud amorosa con la que una madre recibe algo de manos de su hijo. Ukeireru es una met\u00e1fora sobre acoger lo que viene dado, para aceptar todo lo que nos rodea tal y como es. El psic\u00f3logo Scott Haas ha hallado una manera simple y efectiva de alcanzar la felicidad gracias a su conocimiento profundo de la cultura japonesa. Tras un an\u00e1lisis riguroso de las costumbres de los mundos occidental y oriental, y con una prosa sencilla e inspiradora, nos explica c\u00f3mo, adem\u00e1s de aplicando ciertas costumbres orientales -como hacer la siesta o la ceremonia del te-, al concepto\u00a0ukeireru\u00a0puede alejarnos del estres y la ansiedad.<\/p>\n","protected":false},"excerpt":{"rendered":"<p>Scott Haas<\/p>\n","protected":false},"featured_media":1155,"template":"","meta":{"_joinchat":[]},"product_brand":[],"product_cat":[58,41],"product_tag":[48],"class_list":{"0":"post-1154","1":"product","2":"type-product","3":"status-publish","4":"has-post-thumbnail","6":"product_cat-desarrollo-humano-y-superacion","7":"product_cat-desarrollo-humano","8":"product_tag-vr-editoras","10":"first","11":"outofstock","12":"shipping-taxable","13":"purchasable","14":"product-type-simple"},"_links":{"self":[{"href":"https:\/\/libreriahistoriasdebolsillo.com\/index.php\/wp-json\/wp\/v2\/product\/1154","targetHints":{"allow":["GET"]}}],"collection":[{"href":"https:\/\/libreriahistoriasdebolsillo.com\/index.php\/wp-json\/wp\/v2\/product"}],"about":[{"href":"https:\/\/libreriahistoriasdebolsillo.com\/index.php\/wp-json\/wp\/v2\/types\/product"}],"wp:featuredmedia":[{"embeddable":true,"href":"https:\/\/libreriahistoriasdebolsillo.com\/index.php\/wp-json\/wp\/v2\/media\/1155"}],"wp:attachment":[{"href":"https:\/\/libreriahistoriasdebolsillo.com\/index.php\/wp-json\/wp\/v2\/media?parent=1154"}],"wp:term":[{"taxonomy":"product_brand","embeddable":true,"href":"https:\/\/libreriahistoriasdebolsillo.com\/index.php\/wp-json\/wp\/v2\/product_brand?post=1154"},{"taxonomy":"product_cat","embeddable":true,"href":"https:\/\/libreriahistoriasdebolsillo.com\/index.php\/wp-json\/wp\/v2\/product_cat?post=1154"},{"taxonomy":"product_tag","embeddable":true,"href":"https:\/\/libreriahistoriasdebolsillo.com\/index.php\/wp-json\/wp\/v2\/product_tag?post=1154"}],"curies":[{"name":"wp","href":"https:\/\/api.w.org\/{rel}","templated":true}]}}