{"id":1160,"date":"2023-11-21T13:58:58","date_gmt":"2023-11-21T19:58:58","guid":{"rendered":"https:\/\/libreriahistoriasdebolsillo.com\/?post_type=product&#038;p=1160"},"modified":"2024-02-06T17:41:56","modified_gmt":"2024-02-06T23:41:56","slug":"parrilla-vegetariana-tapa-dura","status":"publish","type":"product","link":"https:\/\/libreriahistoriasdebolsillo.com\/index.php\/producto\/parrilla-vegetariana-tapa-dura\/","title":{"rendered":"Parrilla Vegetariana (Tapa dura)"},"content":{"rendered":"<p>Redescubre la diversidad de las opciones que el mundo vegetal nos ofrece d\u00eda a d\u00eda. Insp\u00edrate en las combinaciones de aromas y sabores, en las fusiones de diferentes pa\u00edses y culturas, y sorprende con esta nueva forma de parrillada, rockeada e individual, para que puedas halagar a tus invitados con platos fuera de lo com\u00fan.<\/p>\n","protected":false},"excerpt":{"rendered":"<p>Tom Heinzle<\/p>\n","protected":false},"featured_media":1161,"template":"","meta":{"_joinchat":[]},"product_brand":[],"product_cat":[62,41],"product_tag":[48],"class_list":{"0":"post-1160","1":"product","2":"type-product","3":"status-publish","4":"has-post-thumbnail","6":"product_cat-cocina","7":"product_cat-desarrollo-humano","8":"product_tag-vr-editoras","10":"first","11":"outofstock","12":"shipping-taxable","13":"purchasable","14":"product-type-simple"},"_links":{"self":[{"href":"https:\/\/libreriahistoriasdebolsillo.com\/index.php\/wp-json\/wp\/v2\/product\/1160","targetHints":{"allow":["GET"]}}],"collection":[{"href":"https:\/\/libreriahistoriasdebolsillo.com\/index.php\/wp-json\/wp\/v2\/product"}],"about":[{"href":"https:\/\/libreriahistoriasdebolsillo.com\/index.php\/wp-json\/wp\/v2\/types\/product"}],"wp:featuredmedia":[{"embeddable":true,"href":"https:\/\/libreriahistoriasdebolsillo.com\/index.php\/wp-json\/wp\/v2\/media\/1161"}],"wp:attachment":[{"href":"https:\/\/libreriahistoriasdebolsillo.com\/index.php\/wp-json\/wp\/v2\/media?parent=1160"}],"wp:term":[{"taxonomy":"product_brand","embeddable":true,"href":"https:\/\/libreriahistoriasdebolsillo.com\/index.php\/wp-json\/wp\/v2\/product_brand?post=1160"},{"taxonomy":"product_cat","embeddable":true,"href":"https:\/\/libreriahistoriasdebolsillo.com\/index.php\/wp-json\/wp\/v2\/product_cat?post=1160"},{"taxonomy":"product_tag","embeddable":true,"href":"https:\/\/libreriahistoriasdebolsillo.com\/index.php\/wp-json\/wp\/v2\/product_tag?post=1160"}],"curies":[{"name":"wp","href":"https:\/\/api.w.org\/{rel}","templated":true}]}}