{"id":1164,"date":"2023-11-21T14:03:07","date_gmt":"2023-11-21T20:03:07","guid":{"rendered":"https:\/\/libreriahistoriasdebolsillo.com\/?post_type=product&#038;p=1164"},"modified":"2025-02-17T11:01:29","modified_gmt":"2025-02-17T17:01:29","slug":"el-universo-en-tu-bolsillo","status":"publish","type":"product","link":"https:\/\/libreriahistoriasdebolsillo.com\/index.php\/producto\/el-universo-en-tu-bolsillo\/","title":{"rendered":"El universo en tu bolsillo"},"content":{"rendered":"<p>Este no es un libro cualquiera. En \u00e9l cabe el universo entero, desde lo que siempre quisiste saber hasta lo que nunca te hab\u00edas planteado: el origen de la vida, la civilizaci\u00f3n, el dinero, los ordenadores, el sexo, el tiempo, la relatividad, los agujeros negros. Todo eso tiene una explicaci\u00f3n cient\u00edfica, pero \u00bfpuede darse siempre de forma clara y comprensible? Con una gran habilidad comunicativa, Marcus Chown demuestra que s\u00ed. Y no solo eso: adem\u00e1s sabe contestar a las m\u00e1s complejas cuestiones con respuestas entusiastas y muy entretenidas, y con una enorme cantidad de datos sorprendentes.<\/p>\n","protected":false},"excerpt":{"rendered":"<p>Marcus Chown<\/p>\n","protected":false},"featured_media":1165,"template":"","meta":{"_joinchat":[]},"product_brand":[],"product_cat":[60,41],"product_tag":[48],"class_list":{"0":"post-1164","1":"product","2":"type-product","3":"status-publish","4":"has-post-thumbnail","6":"product_cat-ciencia","7":"product_cat-desarrollo-humano","8":"product_tag-vr-editoras","10":"first","11":"outofstock","12":"shipping-taxable","13":"purchasable","14":"product-type-simple"},"_links":{"self":[{"href":"https:\/\/libreriahistoriasdebolsillo.com\/index.php\/wp-json\/wp\/v2\/product\/1164","targetHints":{"allow":["GET"]}}],"collection":[{"href":"https:\/\/libreriahistoriasdebolsillo.com\/index.php\/wp-json\/wp\/v2\/product"}],"about":[{"href":"https:\/\/libreriahistoriasdebolsillo.com\/index.php\/wp-json\/wp\/v2\/types\/product"}],"wp:featuredmedia":[{"embeddable":true,"href":"https:\/\/libreriahistoriasdebolsillo.com\/index.php\/wp-json\/wp\/v2\/media\/1165"}],"wp:attachment":[{"href":"https:\/\/libreriahistoriasdebolsillo.com\/index.php\/wp-json\/wp\/v2\/media?parent=1164"}],"wp:term":[{"taxonomy":"product_brand","embeddable":true,"href":"https:\/\/libreriahistoriasdebolsillo.com\/index.php\/wp-json\/wp\/v2\/product_brand?post=1164"},{"taxonomy":"product_cat","embeddable":true,"href":"https:\/\/libreriahistoriasdebolsillo.com\/index.php\/wp-json\/wp\/v2\/product_cat?post=1164"},{"taxonomy":"product_tag","embeddable":true,"href":"https:\/\/libreriahistoriasdebolsillo.com\/index.php\/wp-json\/wp\/v2\/product_tag?post=1164"}],"curies":[{"name":"wp","href":"https:\/\/api.w.org\/{rel}","templated":true}]}}