{"id":1166,"date":"2023-11-21T14:05:13","date_gmt":"2023-11-21T20:05:13","guid":{"rendered":"https:\/\/libreriahistoriasdebolsillo.com\/?post_type=product&#038;p=1166"},"modified":"2024-10-26T16:19:07","modified_gmt":"2024-10-26T22:19:07","slug":"filosofia-oriental-los-mas-grandes-pensadores-y-sabios-desdela-antiguedad-hasta-los-tiempos-modernos","status":"publish","type":"product","link":"https:\/\/libreriahistoriasdebolsillo.com\/index.php\/producto\/filosofia-oriental-los-mas-grandes-pensadores-y-sabios-desdela-antiguedad-hasta-los-tiempos-modernos\/","title":{"rendered":"Filosof\u00eda Oriental Los M\u00e1s Grandes Pensadores Y Sabios Desde la Antig\u00fcedad Hasta Los Tiempos Modernos"},"content":{"rendered":"<p>Esta gu\u00eda concisa de algunos de los pensadores orientales m\u00e1s influyentes de la historia ofrece an\u00e1lisis detallado y accesible de sus trabajos. Del budismo al islam, y desde Confucio hasta Gandhi, conceptos e individuos son presentados en una animada y l\u00facida narrativa con extenso detalle biogr\u00e1fico. En cada caso el autor, Kevin Burns, toma un tema central y lo usa explorar los ingredientes esenciales de la escuelade pensamiento relevante.<\/p>\n","protected":false},"excerpt":{"rendered":"<p>Kevin Burns<\/p>\n","protected":false},"featured_media":1167,"template":"","meta":{"_joinchat":[]},"product_brand":[],"product_cat":[61,41,51],"product_tag":[47],"class_list":{"0":"post-1166","1":"product","2":"type-product","3":"status-publish","4":"has-post-thumbnail","6":"product_cat-filosofia","7":"product_cat-desarrollo-humano","8":"product_cat-oferta","9":"product_tag-editories-mexicanos-unidos","11":"first","12":"outofstock","13":"sale","14":"shipping-taxable","15":"purchasable","16":"product-type-simple"},"_links":{"self":[{"href":"https:\/\/libreriahistoriasdebolsillo.com\/index.php\/wp-json\/wp\/v2\/product\/1166","targetHints":{"allow":["GET"]}}],"collection":[{"href":"https:\/\/libreriahistoriasdebolsillo.com\/index.php\/wp-json\/wp\/v2\/product"}],"about":[{"href":"https:\/\/libreriahistoriasdebolsillo.com\/index.php\/wp-json\/wp\/v2\/types\/product"}],"wp:featuredmedia":[{"embeddable":true,"href":"https:\/\/libreriahistoriasdebolsillo.com\/index.php\/wp-json\/wp\/v2\/media\/1167"}],"wp:attachment":[{"href":"https:\/\/libreriahistoriasdebolsillo.com\/index.php\/wp-json\/wp\/v2\/media?parent=1166"}],"wp:term":[{"taxonomy":"product_brand","embeddable":true,"href":"https:\/\/libreriahistoriasdebolsillo.com\/index.php\/wp-json\/wp\/v2\/product_brand?post=1166"},{"taxonomy":"product_cat","embeddable":true,"href":"https:\/\/libreriahistoriasdebolsillo.com\/index.php\/wp-json\/wp\/v2\/product_cat?post=1166"},{"taxonomy":"product_tag","embeddable":true,"href":"https:\/\/libreriahistoriasdebolsillo.com\/index.php\/wp-json\/wp\/v2\/product_tag?post=1166"}],"curies":[{"name":"wp","href":"https:\/\/api.w.org\/{rel}","templated":true}]}}