{"id":1170,"date":"2023-11-21T14:09:43","date_gmt":"2023-11-21T20:09:43","guid":{"rendered":"https:\/\/libreriahistoriasdebolsillo.com\/?post_type=product&#038;p=1170"},"modified":"2024-03-21T10:34:31","modified_gmt":"2024-03-21T16:34:31","slug":"emma-y-las-otras-senoras-del-narco","status":"publish","type":"product","link":"https:\/\/libreriahistoriasdebolsillo.com\/index.php\/producto\/emma-y-las-otras-senoras-del-narco\/","title":{"rendered":"Emma y las Otras Se\u00f1oras del Narco"},"content":{"rendered":"<p>Desde su bestseller\u00a0<i>Los se\u00f1ores del narco<\/i>\u00a0(2010), \u00e9ste es quiz\u00e1s el acercamiento m\u00e1s \u00edntimo a la c\u00fapula del\u00a0<b>narcotr\u00e1fico<\/b>, un detr\u00e1s de c\u00e1maras de lo que ocurre en el multimillonario\u00a0<b>negocio criminal<\/b>.<\/p>\n<p>En\u00a0<i>Emma y las otras se\u00f1oras del narco<\/i>\u00a0la autora recorre el velo y muestra las pulsiones m\u00e1s profundas que hacen a los\u00a0<b>narcos<\/b>\u00a0buscar\u00a0<b>poder<\/b>\u00a0y\u00a0<b>dinero<\/b>\u00a0a toda costa.<\/p>\n<p>La autora de\u00a0<i><b>El traidor<\/b><\/i>\u00a0(2019), multigalardonada y reconocida internacionalmente como experta en temas de narcotr\u00e1fico, una vez m\u00e1s gira la mesa del tablero y ofrece al lector un an\u00e1lisis casi antropol\u00f3gico de los\u00a0<b>capos de la droga<\/b>\u00a0y su entorno m\u00e1s cercano desde una nueva \u00f3ptica: el mundo de sus mujeres. En estas p\u00e1ginas desfilan personajes como\u00a0<b>Emma<\/b>\u00a0<b>Coronel<\/b>\u00a0y otras esposas de importantes narcotraficantes, una\u00a0<b>ex Miss Universo<\/b>, y algunas de las actrices, cantantes y conductoras de televisi\u00f3n m\u00e1s reconocidas y aplaudidas en M\u00e9xico, tanto del pasado como de la \u00e9poca actual.<\/p>\n<p><b>Madres<\/b>,\u00a0<b>esposas<\/b>\u00a0y\u00a0<b>amantes<\/b>. Mujeres que se amoldan a las\u00a0<b>reglas machistas<\/b>\u00a0de sus amos y bailan ante ellos -en privado, fiestas u org\u00edas- la danza de los siete velos, y lo hacen sobre los cad\u00e1veres de los miles que han sido\u00a0<b>v\u00edctimas<\/b>\u00a0de los mismos hombres a quienes deleitan con su c\u00f3mplice presencia a cambio de\u00a0<b>dinero<\/b>,\u00a0<b>joyas<\/b>\u00a0y\u00a0<b>propiedades<\/b>.<\/p>\n<p>Con el rigor investigativo que la caracteriza, Anabel Hern\u00e1ndez, a trav\u00e9s de entrevistas realizadas a testigos de los hechos, lleva al lector a las reuniones familiares, fiestas y alcobas de diversos narcotraficantes donde ocurren las historias de amor, compra y venta de placer, incesto, ambici\u00f3n, traici\u00f3n y venganza. Un mundo hasta ahora desconocido.<\/p>\n","protected":false},"excerpt":{"rendered":"<p>Anabel Hern\u00e1ndez<\/p>\n","protected":false},"featured_media":1171,"template":"","meta":{"_joinchat":[]},"product_brand":[],"product_cat":[41,51],"product_tag":[34],"class_list":{"0":"post-1170","1":"product","2":"type-product","3":"status-publish","4":"has-post-thumbnail","6":"product_cat-desarrollo-humano","7":"product_cat-oferta","8":"product_tag-penguin-random-house","10":"first","11":"outofstock","12":"shipping-taxable","13":"purchasable","14":"product-type-simple"},"_links":{"self":[{"href":"https:\/\/libreriahistoriasdebolsillo.com\/index.php\/wp-json\/wp\/v2\/product\/1170","targetHints":{"allow":["GET"]}}],"collection":[{"href":"https:\/\/libreriahistoriasdebolsillo.com\/index.php\/wp-json\/wp\/v2\/product"}],"about":[{"href":"https:\/\/libreriahistoriasdebolsillo.com\/index.php\/wp-json\/wp\/v2\/types\/product"}],"wp:featuredmedia":[{"embeddable":true,"href":"https:\/\/libreriahistoriasdebolsillo.com\/index.php\/wp-json\/wp\/v2\/media\/1171"}],"wp:attachment":[{"href":"https:\/\/libreriahistoriasdebolsillo.com\/index.php\/wp-json\/wp\/v2\/media?parent=1170"}],"wp:term":[{"taxonomy":"product_brand","embeddable":true,"href":"https:\/\/libreriahistoriasdebolsillo.com\/index.php\/wp-json\/wp\/v2\/product_brand?post=1170"},{"taxonomy":"product_cat","embeddable":true,"href":"https:\/\/libreriahistoriasdebolsillo.com\/index.php\/wp-json\/wp\/v2\/product_cat?post=1170"},{"taxonomy":"product_tag","embeddable":true,"href":"https:\/\/libreriahistoriasdebolsillo.com\/index.php\/wp-json\/wp\/v2\/product_tag?post=1170"}],"curies":[{"name":"wp","href":"https:\/\/api.w.org\/{rel}","templated":true}]}}