{"id":1173,"date":"2023-11-21T14:11:32","date_gmt":"2023-11-21T20:11:32","guid":{"rendered":"https:\/\/libreriahistoriasdebolsillo.com\/?post_type=product&#038;p=1173"},"modified":"2023-12-08T11:28:59","modified_gmt":"2023-12-08T17:28:59","slug":"arregla-tu-vida-con-grafologia","status":"publish","type":"product","link":"https:\/\/libreriahistoriasdebolsillo.com\/index.php\/producto\/arregla-tu-vida-con-grafologia\/","title":{"rendered":"Arregla tu vida con grafolog\u00eda"},"content":{"rendered":"<p>\u00abEscribir este libro ha sido el mayor reto de mi vida porque cuando lo empec\u00e9, me sent\u00eda muy mal y muy triste, ten\u00eda que\u00a0<b>reinventarme\u00a0<\/b>pues no sab\u00eda qui\u00e9n era. Fue por medio de grafoterapia y\u00a0<b>ejercicios de grafolog\u00eda<\/b>\u00a0que fui reconstruy\u00e9ndome. Ahora soy m\u00e1s consciente de quien soy y de todo mi poder, aprend\u00ed a perdonarme y a perdonar, solt\u00e9 mis dolores m\u00e1s profundos y volv\u00ed a creer en mis sue\u00f1os. Lo mejor de todo es que no s\u00f3lo me sirve a m\u00ed, sino a much\u00edsimas personas en el mundo.<\/p>\n<p>\u00c9ste no es un libro normal, \u00a1es el wordbook que t\u00fa necesitas para arreglar tu vida con grafolog\u00eda y lograr todo lo que quieres! As\u00ed que si tienes alguno de los problemas siguientes, \u00a1este libro es para ti!<\/p>\n<p>&#8211; No sabes qui\u00e9n eres y le tienes<b>\u00a0miedo al cambio.<\/b><\/p>\n<p>&#8211; Te sientes fe@ y no te gusta tu cuerpo.<\/p>\n<p>&#8211; Sientes\u00a0<b>envidia\u00a0<\/b>y quisieras tener m\u00e1s dinero.<\/p>\n<p>&#8211; Te enojas de todo y no tomas buenas decisiones.<\/p>\n<p>&#8211; Te falta\u00a0<b>amor propio<\/b>\u00a0y tienes heridas emocionales.<\/p>\n<p>Adem\u00e1s,<i>\u00a0Arregla tu vida con grafolog\u00eda\u00a0<\/i>te ayudar\u00e1 a mejorar tu imagen p\u00fablica, a conocer a los dem\u00e1s por medio de su letra o sus dibujos, a sanar tus miedos, ansiedades y depresiones. En estas p\u00e1ginas sabr\u00e1s\u00a0<b>si tu relaci\u00f3n de pareja est\u00e1 intoxicada,\u00a0<\/b>si vives un noviazgo de maltrato o eres un maltratador, o si necesitas un cambio profundo en lo laboral, lo personal y hasta en redes sociales: no dudes m\u00e1s, \u00a1en este libro descubrir\u00e1s que lo que necesitas es reinventarte para ser feliz!<\/p>\n<p><b>Maryfer Centeno<\/b><\/p>\n","protected":false},"excerpt":{"rendered":"<p>Maryfer Centeno<\/p>\n","protected":false},"featured_media":1174,"template":"","meta":{"_joinchat":[]},"product_brand":[],"product_cat":[41],"product_tag":[34],"class_list":{"0":"post-1173","1":"product","2":"type-product","3":"status-publish","4":"has-post-thumbnail","6":"product_cat-desarrollo-humano","7":"product_tag-penguin-random-house","9":"first","10":"outofstock","11":"shipping-taxable","12":"purchasable","13":"product-type-simple"},"_links":{"self":[{"href":"https:\/\/libreriahistoriasdebolsillo.com\/index.php\/wp-json\/wp\/v2\/product\/1173","targetHints":{"allow":["GET"]}}],"collection":[{"href":"https:\/\/libreriahistoriasdebolsillo.com\/index.php\/wp-json\/wp\/v2\/product"}],"about":[{"href":"https:\/\/libreriahistoriasdebolsillo.com\/index.php\/wp-json\/wp\/v2\/types\/product"}],"wp:featuredmedia":[{"embeddable":true,"href":"https:\/\/libreriahistoriasdebolsillo.com\/index.php\/wp-json\/wp\/v2\/media\/1174"}],"wp:attachment":[{"href":"https:\/\/libreriahistoriasdebolsillo.com\/index.php\/wp-json\/wp\/v2\/media?parent=1173"}],"wp:term":[{"taxonomy":"product_brand","embeddable":true,"href":"https:\/\/libreriahistoriasdebolsillo.com\/index.php\/wp-json\/wp\/v2\/product_brand?post=1173"},{"taxonomy":"product_cat","embeddable":true,"href":"https:\/\/libreriahistoriasdebolsillo.com\/index.php\/wp-json\/wp\/v2\/product_cat?post=1173"},{"taxonomy":"product_tag","embeddable":true,"href":"https:\/\/libreriahistoriasdebolsillo.com\/index.php\/wp-json\/wp\/v2\/product_tag?post=1173"}],"curies":[{"name":"wp","href":"https:\/\/api.w.org\/{rel}","templated":true}]}}