{"id":1179,"date":"2023-11-21T14:32:17","date_gmt":"2023-11-21T20:32:17","guid":{"rendered":"https:\/\/libreriahistoriasdebolsillo.com\/?post_type=product&#038;p=1179"},"modified":"2024-07-01T15:04:48","modified_gmt":"2024-07-01T21:04:48","slug":"conciencia","status":"publish","type":"product","link":"https:\/\/libreriahistoriasdebolsillo.com\/index.php\/producto\/conciencia\/","title":{"rendered":"Conciencia (Ed. limitada pasta dura)"},"content":{"rendered":"<p><b>Vuelve al mercado mexicano uno de los libros imprescindibles del gran pensador que ha cambiado al mundo.<\/b><\/p>\n<p><b><i>Conciencia<\/i>\u00a0presenta un mapa del despertar y la clave para vivir en equilibrio, de la mano de la sabidur\u00eda de Osho.<\/b><\/p>\n<p>Cuanto m\u00e1s consciente se vuelve uno, m\u00e1s se recuerda a s\u00ed mismo, con m\u00e1s cautela act\u00faa, m\u00e1s alerta est\u00e1, m\u00e1s heridas empiezan a desaparecer, hay menos brotes de ira, menos odio, menos celos y menos sentimientos posesivos. Cuanto m\u00e1s consciente se vuelve uno, m\u00e1s se afianzan la salud y la integridad. Un d\u00eda, uno simplemente descubre que todo eso se ha vuelto irrelevante, ha pasado a ser historia, ya no se trata de cuestiones vivas sino de cuestiones muertas.<\/p>\n<p>En esto consiste el milagro de adquirir conciencia: en que todo lo que es err\u00f3neo empieza a desvanecerse y todo lo que es correcto empieza a suceder. Individualmente, y como sociedad, la cuesti\u00f3n primordial es decidir si preferimos estar dormidos o despiertos, inconscientes o conscientes.<\/p>\n","protected":false},"excerpt":{"rendered":"<p>Osho<\/p>\n","protected":false},"featured_media":1180,"template":"","meta":{"_joinchat":[]},"product_brand":[],"product_cat":[58,61,41],"product_tag":[34],"class_list":{"0":"post-1179","1":"product","2":"type-product","3":"status-publish","4":"has-post-thumbnail","6":"product_cat-desarrollo-humano-y-superacion","7":"product_cat-filosofia","8":"product_cat-desarrollo-humano","9":"product_tag-penguin-random-house","11":"first","12":"outofstock","13":"shipping-taxable","14":"purchasable","15":"product-type-simple"},"_links":{"self":[{"href":"https:\/\/libreriahistoriasdebolsillo.com\/index.php\/wp-json\/wp\/v2\/product\/1179","targetHints":{"allow":["GET"]}}],"collection":[{"href":"https:\/\/libreriahistoriasdebolsillo.com\/index.php\/wp-json\/wp\/v2\/product"}],"about":[{"href":"https:\/\/libreriahistoriasdebolsillo.com\/index.php\/wp-json\/wp\/v2\/types\/product"}],"wp:featuredmedia":[{"embeddable":true,"href":"https:\/\/libreriahistoriasdebolsillo.com\/index.php\/wp-json\/wp\/v2\/media\/1180"}],"wp:attachment":[{"href":"https:\/\/libreriahistoriasdebolsillo.com\/index.php\/wp-json\/wp\/v2\/media?parent=1179"}],"wp:term":[{"taxonomy":"product_brand","embeddable":true,"href":"https:\/\/libreriahistoriasdebolsillo.com\/index.php\/wp-json\/wp\/v2\/product_brand?post=1179"},{"taxonomy":"product_cat","embeddable":true,"href":"https:\/\/libreriahistoriasdebolsillo.com\/index.php\/wp-json\/wp\/v2\/product_cat?post=1179"},{"taxonomy":"product_tag","embeddable":true,"href":"https:\/\/libreriahistoriasdebolsillo.com\/index.php\/wp-json\/wp\/v2\/product_tag?post=1179"}],"curies":[{"name":"wp","href":"https:\/\/api.w.org\/{rel}","templated":true}]}}