{"id":1183,"date":"2023-11-21T14:55:24","date_gmt":"2023-11-21T20:55:24","guid":{"rendered":"https:\/\/libreriahistoriasdebolsillo.com\/?post_type=product&#038;p=1183"},"modified":"2025-03-14T10:55:51","modified_gmt":"2025-03-14T16:55:51","slug":"un-monstruo-viene-a-verme","status":"publish","type":"product","link":"https:\/\/libreriahistoriasdebolsillo.com\/index.php\/producto\/un-monstruo-viene-a-verme\/","title":{"rendered":"Un monstruo viene a verme"},"content":{"rendered":"<p><b>Merecedora de numerosos premios y distinciones,\u00a0<i>Un monstruo viene a verme<\/i>\u00a0es la novela m\u00e1s aclamada de Patrick Ness, autor de la trilog\u00eda \u00abChaos Walking\u00bb.<\/b><\/p>\n<p><b>A partir de una idea original de Siobhan Down. Con pr\u00f3logo de J.A. Bayona.<\/b><\/p>\n<p>Siete minutosdespu\u00e9s de la medianoche,\u00a0<b>Conor\u00a0<\/b>despierta y se encuentra un\u00a0<b>monstruo<\/b>\u00a0en la ventana. Pero no es el monstruo que \u00e9l esperaba, el de la pesadilla que tiene casi todas las noches desde que su madre empez\u00f3 el arduo e inacabable tratamiento. No, este monstruo es algo diferente, antiguo&#8230; Y quiere lo m\u00e1s peligroso de todo: la verdad.<\/p>\n<p>Maliciosa, divertida y conmovedora,\u00a0<i>Un monstruo viene a verme\u00a0<\/i>nos habla de nuestra dificultad para aceptar la p\u00e9rdida y de los lazos fr\u00e1giles pero extraordinariamente poderosos que nos unen a la vida.<\/p>\n","protected":false},"excerpt":{"rendered":"<p>Patrick Ness<\/p>\n","protected":false},"featured_media":1184,"template":"","meta":{"_joinchat":[]},"product_brand":[],"product_cat":[39,33,54,51],"product_tag":[34],"class_list":{"0":"post-1183","1":"product","2":"type-product","3":"status-publish","4":"has-post-thumbnail","6":"product_cat-fantasia","7":"product_cat-ficcion-general","8":"product_cat-infantil","9":"product_cat-oferta","10":"product_tag-penguin-random-house","12":"first","13":"outofstock","14":"shipping-taxable","15":"purchasable","16":"product-type-simple"},"_links":{"self":[{"href":"https:\/\/libreriahistoriasdebolsillo.com\/index.php\/wp-json\/wp\/v2\/product\/1183","targetHints":{"allow":["GET"]}}],"collection":[{"href":"https:\/\/libreriahistoriasdebolsillo.com\/index.php\/wp-json\/wp\/v2\/product"}],"about":[{"href":"https:\/\/libreriahistoriasdebolsillo.com\/index.php\/wp-json\/wp\/v2\/types\/product"}],"wp:featuredmedia":[{"embeddable":true,"href":"https:\/\/libreriahistoriasdebolsillo.com\/index.php\/wp-json\/wp\/v2\/media\/1184"}],"wp:attachment":[{"href":"https:\/\/libreriahistoriasdebolsillo.com\/index.php\/wp-json\/wp\/v2\/media?parent=1183"}],"wp:term":[{"taxonomy":"product_brand","embeddable":true,"href":"https:\/\/libreriahistoriasdebolsillo.com\/index.php\/wp-json\/wp\/v2\/product_brand?post=1183"},{"taxonomy":"product_cat","embeddable":true,"href":"https:\/\/libreriahistoriasdebolsillo.com\/index.php\/wp-json\/wp\/v2\/product_cat?post=1183"},{"taxonomy":"product_tag","embeddable":true,"href":"https:\/\/libreriahistoriasdebolsillo.com\/index.php\/wp-json\/wp\/v2\/product_tag?post=1183"}],"curies":[{"name":"wp","href":"https:\/\/api.w.org\/{rel}","templated":true}]}}