{"id":1203,"date":"2023-11-21T15:09:55","date_gmt":"2023-11-21T21:09:55","guid":{"rendered":"https:\/\/libreriahistoriasdebolsillo.com\/?post_type=product&#038;p=1203"},"modified":"2024-02-21T16:16:41","modified_gmt":"2024-02-21T22:16:41","slug":"las-16-leyes-indiscutibles-de-la-comunicacion","status":"publish","type":"product","link":"https:\/\/libreriahistoriasdebolsillo.com\/index.php\/producto\/las-16-leyes-indiscutibles-de-la-comunicacion\/","title":{"rendered":"Las 16 leyes indiscutibles de la comunicaci\u00f3n"},"content":{"rendered":"<p>Se ha dicho que hablar en p\u00fablico es el miedo principal de la mayor\u00eda de las personas; el segundo es la muerte. El comediante Jerry Seinfeld dijo: \u00abEsto significa que, si eres una persona promedio y est\u00e1s en un funeral, preferir\u00edas estar en el ata\u00fad que compartiendo unas palabras sobre el difunto\u00bb. \u00bfC\u00f3mo puedes superar el miedo o la ineficacia como comunicador? \u00a1Aprende las leyes de la comunicaci\u00f3n! El Dr. John C. Maxwell ha sido orador y maestro motivacional por m\u00e1s de cincuenta a\u00f1os. Es una de las ocho personas del planeta que han sido galardonadas con el premio Golden Gavel de Toastmasters e incluidas en el Sal\u00f3n de la Fama de la Asociaci\u00f3n Nacional de Oradores. En Las 16 leyes indiscutibles de la comunicaci\u00f3n, el autor comparte lo que ha aprendido en toda una vida como comunicador. Aprende c\u00f3mo: \u2022 Hablar con convicci\u00f3n \u2022 Preparar tu contenido y prepararte t\u00fa mismo para comunicar \u2022 Encontrar y utilizar tus fortalezas personales y de comunicaci\u00f3n \u2022 Enfocarte en tu audiencia y conectar con ella \u2022 Contar mejores historias \u2022 Leer la sala y crear energ\u00eda y expectaci\u00f3n \u2022 Agregar valor a la vida de las personas \u2022 Inspirar a las personas a actuar Todos tienen un mensaje que compartir. Ya sea que desees mejorar tu capacidad para inspirar a los empleados, hablar en las reuniones de la asociaci\u00f3n de padres y maestros, presentar un informe ante el consejo directivo, ense\u00f1ar a estudiantes, dar un serm\u00f3n, dirigirte a un grupo peque\u00f1o, hablar desde un escenario o ante un estadio lleno de gente, este libro puede ayudarte. Aprende de uno de los mejores comunicadores del mundo y empieza hoy mismo a sacar el m\u00e1ximo provecho de tu mensaje.<\/p>\n","protected":false},"excerpt":{"rendered":"<p>John C. Maxwell<\/p>\n","protected":false},"featured_media":1204,"template":"","meta":{"_joinchat":[]},"product_brand":[],"product_cat":[58,41],"product_tag":[34],"class_list":{"0":"post-1203","1":"product","2":"type-product","3":"status-publish","4":"has-post-thumbnail","6":"product_cat-desarrollo-humano-y-superacion","7":"product_cat-desarrollo-humano","8":"product_tag-penguin-random-house","10":"first","11":"outofstock","12":"shipping-taxable","13":"purchasable","14":"product-type-simple"},"_links":{"self":[{"href":"https:\/\/libreriahistoriasdebolsillo.com\/index.php\/wp-json\/wp\/v2\/product\/1203","targetHints":{"allow":["GET"]}}],"collection":[{"href":"https:\/\/libreriahistoriasdebolsillo.com\/index.php\/wp-json\/wp\/v2\/product"}],"about":[{"href":"https:\/\/libreriahistoriasdebolsillo.com\/index.php\/wp-json\/wp\/v2\/types\/product"}],"wp:featuredmedia":[{"embeddable":true,"href":"https:\/\/libreriahistoriasdebolsillo.com\/index.php\/wp-json\/wp\/v2\/media\/1204"}],"wp:attachment":[{"href":"https:\/\/libreriahistoriasdebolsillo.com\/index.php\/wp-json\/wp\/v2\/media?parent=1203"}],"wp:term":[{"taxonomy":"product_brand","embeddable":true,"href":"https:\/\/libreriahistoriasdebolsillo.com\/index.php\/wp-json\/wp\/v2\/product_brand?post=1203"},{"taxonomy":"product_cat","embeddable":true,"href":"https:\/\/libreriahistoriasdebolsillo.com\/index.php\/wp-json\/wp\/v2\/product_cat?post=1203"},{"taxonomy":"product_tag","embeddable":true,"href":"https:\/\/libreriahistoriasdebolsillo.com\/index.php\/wp-json\/wp\/v2\/product_tag?post=1203"}],"curies":[{"name":"wp","href":"https:\/\/api.w.org\/{rel}","templated":true}]}}