{"id":1207,"date":"2023-11-21T15:12:15","date_gmt":"2023-11-21T21:12:15","guid":{"rendered":"https:\/\/libreriahistoriasdebolsillo.com\/?post_type=product&#038;p=1207"},"modified":"2023-11-21T16:53:47","modified_gmt":"2023-11-21T22:53:47","slug":"sesgos-inconscientes","status":"publish","type":"product","link":"https:\/\/libreriahistoriasdebolsillo.com\/index.php\/producto\/sesgos-inconscientes\/","title":{"rendered":"Sesgos inconscientes"},"content":{"rendered":"<p>UNA GU\u00cdA OBLIGADA PARA ENTENDER Y TRASCENDER LOS SESGOS EN EL TRABAJO, POR LOS EXPERTOS DE FRANKLINCOVEY.<\/p>\n<p>Los sesgos inconscientes nos afectan a todos. Un reclutador se podr\u00eda decepcionar si un candidato le pregunta sobre la incapacidad por maternidad. A un profesional de Recursos Humanos le puede parecer m\u00e1s atractivo promover a un graduado de una universidad prestigiosa que a uno de una escuela p\u00fablica. Un l\u00edder puede que crea que una mujer est\u00e1 menos preparada para presentar un reporte en la pr\u00f3xima reuni\u00f3n que su colega var\u00f3n.<\/p>\n<p>Sesgos inconscientes explica que estos son el resultado de atajos mentales, de lo que nos gusta y de lo que no nos gusta, pero, indiscutiblemente, son parte de nuestra condici\u00f3n humana. Sin embargo, lo que asumimos y c\u00f3mo interactuamos con el otro tiene efectos incalculables en nuestro desarrollo profesional.<\/p>\n<p>Al reconocer los sesgos, enfatizar en la empat\u00eda y la curiosidad, ver a quienes te rodean como personas completas y priorizar el entendimiento verdadero, podremos liberar todo el potencial de cada persona con la que nos relacionemos.<\/p>\n","protected":false},"excerpt":{"rendered":"<p>Pamela Fuller<\/p>\n","protected":false},"featured_media":1208,"template":"","meta":{"_joinchat":[]},"product_brand":[],"product_cat":[58,41],"product_tag":[34],"class_list":{"0":"post-1207","1":"product","2":"type-product","3":"status-publish","4":"has-post-thumbnail","6":"product_cat-desarrollo-humano-y-superacion","7":"product_cat-desarrollo-humano","8":"product_tag-penguin-random-house","10":"first","11":"outofstock","12":"shipping-taxable","13":"purchasable","14":"product-type-simple"},"_links":{"self":[{"href":"https:\/\/libreriahistoriasdebolsillo.com\/index.php\/wp-json\/wp\/v2\/product\/1207","targetHints":{"allow":["GET"]}}],"collection":[{"href":"https:\/\/libreriahistoriasdebolsillo.com\/index.php\/wp-json\/wp\/v2\/product"}],"about":[{"href":"https:\/\/libreriahistoriasdebolsillo.com\/index.php\/wp-json\/wp\/v2\/types\/product"}],"wp:featuredmedia":[{"embeddable":true,"href":"https:\/\/libreriahistoriasdebolsillo.com\/index.php\/wp-json\/wp\/v2\/media\/1208"}],"wp:attachment":[{"href":"https:\/\/libreriahistoriasdebolsillo.com\/index.php\/wp-json\/wp\/v2\/media?parent=1207"}],"wp:term":[{"taxonomy":"product_brand","embeddable":true,"href":"https:\/\/libreriahistoriasdebolsillo.com\/index.php\/wp-json\/wp\/v2\/product_brand?post=1207"},{"taxonomy":"product_cat","embeddable":true,"href":"https:\/\/libreriahistoriasdebolsillo.com\/index.php\/wp-json\/wp\/v2\/product_cat?post=1207"},{"taxonomy":"product_tag","embeddable":true,"href":"https:\/\/libreriahistoriasdebolsillo.com\/index.php\/wp-json\/wp\/v2\/product_tag?post=1207"}],"curies":[{"name":"wp","href":"https:\/\/api.w.org\/{rel}","templated":true}]}}