{"id":1211,"date":"2023-11-21T15:23:09","date_gmt":"2023-11-21T21:23:09","guid":{"rendered":"https:\/\/libreriahistoriasdebolsillo.com\/?post_type=product&#038;p=1211"},"modified":"2023-11-21T15:23:10","modified_gmt":"2023-11-21T21:23:10","slug":"cuando-era-divertido","status":"publish","type":"product","link":"https:\/\/libreriahistoriasdebolsillo.com\/index.php\/producto\/cuando-era-divertido\/","title":{"rendered":"Cuando era divertido"},"content":{"rendered":"<p><b>Quiz\u00e1s hay un momento en la vida para leer esta novela.<\/b><br \/>\n<b>\u00bfHa llegado el tuyo?<\/b><\/p>\n<p>\u00abQuerido lector, querida lectora, la novela que est\u00e1s a punto de iniciar es una historia inc\u00f3moda, quiz\u00e1s la m\u00e1s inc\u00f3moda que he escrito hasta la fecha.<\/p>\n<p>Una historia que solo se entiende a partir de cierta edad o de un determinado momento de la vida. Por eso hemos decidido indicarlo.<\/p>\n<p>Al leerla puede que encuentres a esos fantasmas que siempre han estado a tu lado pero que no has querido ver. Pero tambi\u00e9n es posible que ocurra todo lo contrario: que salgas de esta historia con la felicidad de quien sabe valorar lo que tiene\u00bb.<br \/>\n<b>Eloy Moreno<\/b><\/p>\n","protected":false},"excerpt":{"rendered":"<p>Eloy Moreno<\/p>\n","protected":false},"featured_media":1212,"template":"","meta":{"_joinchat":[]},"product_brand":[],"product_cat":[33],"product_tag":[34],"class_list":{"0":"post-1211","1":"product","2":"type-product","3":"status-publish","4":"has-post-thumbnail","6":"product_cat-ficcion-general","7":"product_tag-penguin-random-house","9":"first","10":"outofstock","11":"shipping-taxable","12":"purchasable","13":"product-type-simple"},"_links":{"self":[{"href":"https:\/\/libreriahistoriasdebolsillo.com\/index.php\/wp-json\/wp\/v2\/product\/1211","targetHints":{"allow":["GET"]}}],"collection":[{"href":"https:\/\/libreriahistoriasdebolsillo.com\/index.php\/wp-json\/wp\/v2\/product"}],"about":[{"href":"https:\/\/libreriahistoriasdebolsillo.com\/index.php\/wp-json\/wp\/v2\/types\/product"}],"wp:featuredmedia":[{"embeddable":true,"href":"https:\/\/libreriahistoriasdebolsillo.com\/index.php\/wp-json\/wp\/v2\/media\/1212"}],"wp:attachment":[{"href":"https:\/\/libreriahistoriasdebolsillo.com\/index.php\/wp-json\/wp\/v2\/media?parent=1211"}],"wp:term":[{"taxonomy":"product_brand","embeddable":true,"href":"https:\/\/libreriahistoriasdebolsillo.com\/index.php\/wp-json\/wp\/v2\/product_brand?post=1211"},{"taxonomy":"product_cat","embeddable":true,"href":"https:\/\/libreriahistoriasdebolsillo.com\/index.php\/wp-json\/wp\/v2\/product_cat?post=1211"},{"taxonomy":"product_tag","embeddable":true,"href":"https:\/\/libreriahistoriasdebolsillo.com\/index.php\/wp-json\/wp\/v2\/product_tag?post=1211"}],"curies":[{"name":"wp","href":"https:\/\/api.w.org\/{rel}","templated":true}]}}