{"id":1215,"date":"2023-11-21T15:24:34","date_gmt":"2023-11-21T21:24:34","guid":{"rendered":"https:\/\/libreriahistoriasdebolsillo.com\/?post_type=product&#038;p=1215"},"modified":"2023-11-21T15:24:35","modified_gmt":"2023-11-21T21:24:35","slug":"diferente","status":"publish","type":"product","link":"https:\/\/libreriahistoriasdebolsillo.com\/index.php\/producto\/diferente\/","title":{"rendered":"Diferente"},"content":{"rendered":"<p>\u00abEn su\u00a0<b>mundo yo era diferente<\/b>\u00a0porque me costaba mucho hacer cosas normales. En cambio, nunca se dieron cuenta de que me costaba muy poco hacer cosas extraordinarias\u00bb.<\/p>\n<p>\u00abLe encantar\u00e1 morder la punta de una barra de pan reci\u00e9n hecho, el olor de la tierra mojada despu\u00e9s de un d\u00eda de lluvia y su color preferido ser\u00e1 el naranja que se queda en el cielo cuando el sol ya se ha ido. Disfrutar\u00e1 tambi\u00e9n observando c\u00f3mo el aire mueve las hojas de los \u00e1rboles o descubriendo c\u00f3mo cambian de forma las nubes en un d\u00eda de viento. No le gustar\u00e1, en cambio, escucharlas palabras \u201cno puedo\u201d; mojarse las mangas de la camisa al lavarse las manos en invierno o irse a dormir a una cama deshecha\u00bb.<\/p>\n","protected":false},"excerpt":{"rendered":"<p>Eloy Moreno<\/p>\n","protected":false},"featured_media":1216,"template":"","meta":{"_joinchat":[]},"product_brand":[],"product_cat":[33],"product_tag":[34],"class_list":{"0":"post-1215","1":"product","2":"type-product","3":"status-publish","4":"has-post-thumbnail","6":"product_cat-ficcion-general","7":"product_tag-penguin-random-house","9":"first","10":"outofstock","11":"shipping-taxable","12":"purchasable","13":"product-type-simple"},"_links":{"self":[{"href":"https:\/\/libreriahistoriasdebolsillo.com\/index.php\/wp-json\/wp\/v2\/product\/1215","targetHints":{"allow":["GET"]}}],"collection":[{"href":"https:\/\/libreriahistoriasdebolsillo.com\/index.php\/wp-json\/wp\/v2\/product"}],"about":[{"href":"https:\/\/libreriahistoriasdebolsillo.com\/index.php\/wp-json\/wp\/v2\/types\/product"}],"wp:featuredmedia":[{"embeddable":true,"href":"https:\/\/libreriahistoriasdebolsillo.com\/index.php\/wp-json\/wp\/v2\/media\/1216"}],"wp:attachment":[{"href":"https:\/\/libreriahistoriasdebolsillo.com\/index.php\/wp-json\/wp\/v2\/media?parent=1215"}],"wp:term":[{"taxonomy":"product_brand","embeddable":true,"href":"https:\/\/libreriahistoriasdebolsillo.com\/index.php\/wp-json\/wp\/v2\/product_brand?post=1215"},{"taxonomy":"product_cat","embeddable":true,"href":"https:\/\/libreriahistoriasdebolsillo.com\/index.php\/wp-json\/wp\/v2\/product_cat?post=1215"},{"taxonomy":"product_tag","embeddable":true,"href":"https:\/\/libreriahistoriasdebolsillo.com\/index.php\/wp-json\/wp\/v2\/product_tag?post=1215"}],"curies":[{"name":"wp","href":"https:\/\/api.w.org\/{rel}","templated":true}]}}