{"id":1217,"date":"2023-11-21T15:26:08","date_gmt":"2023-11-21T21:26:08","guid":{"rendered":"https:\/\/libreriahistoriasdebolsillo.com\/?post_type=product&#038;p=1217"},"modified":"2026-02-28T17:50:18","modified_gmt":"2026-02-28T23:50:18","slug":"algo-absolutamente-extraordinario","status":"publish","type":"product","link":"https:\/\/libreriahistoriasdebolsillo.com\/index.php\/producto\/algo-absolutamente-extraordinario\/","title":{"rendered":"Algo absolutamente extraordinario"},"content":{"rendered":"<p>La vida de April May nunca volver\u00e1 a ser la misma. Volviendo a casa a las tres de la ma\u00f1ana, April se encontr\u00f3 con una\u00a0<b>escultura gigante<\/b>,sobre la que colg\u00f3 un v\u00eddeo. Ahora los Carls, las<b>\u00a0misteriosas<\/b>\u00a0estatuas que aparecen y desaparecen en el mundo entero, se han hecho virales, y April May con ellas.<\/p>\n<p>\u00bfSer\u00e1 esta su oportunidad para dejar huella en el mundo? April pronto descubrir\u00e1 las consecuencias que toda esta atenci\u00f3n conlleva, y que el mundo haya depositado en ella la responsabilidad de averiguar qu\u00e9 son los Carls y, sobre todo&#8230;\u00a0<b>qu\u00e9 quieren de nosotros.<\/b><\/p>\n<p>Poderosamenterelevante e imposible de dejar de leer,\u00a0<i>Algo absolutamente extraordinario\u00a0<\/i>trata grandes temas como las redes sociales, la\u00a0<b>radicalizaci\u00f3n de los discursos\u00a0<\/b>y la\u00a0<b>deshumanizaci\u00f3n\u00a0<\/b>que conlleva la fama.<\/p>\n","protected":false},"excerpt":{"rendered":"<p>Hank Green<\/p>\n","protected":false},"featured_media":1218,"template":"","meta":{"_joinchat":[]},"product_brand":[],"product_cat":[52,51],"product_tag":[34],"class_list":{"0":"post-1217","1":"product","2":"type-product","3":"status-publish","4":"has-post-thumbnail","6":"product_cat-juvenil","7":"product_cat-oferta","8":"product_tag-penguin-random-house","10":"first","11":"outofstock","12":"sale","13":"shipping-taxable","14":"purchasable","15":"product-type-simple"},"_links":{"self":[{"href":"https:\/\/libreriahistoriasdebolsillo.com\/index.php\/wp-json\/wp\/v2\/product\/1217","targetHints":{"allow":["GET"]}}],"collection":[{"href":"https:\/\/libreriahistoriasdebolsillo.com\/index.php\/wp-json\/wp\/v2\/product"}],"about":[{"href":"https:\/\/libreriahistoriasdebolsillo.com\/index.php\/wp-json\/wp\/v2\/types\/product"}],"wp:featuredmedia":[{"embeddable":true,"href":"https:\/\/libreriahistoriasdebolsillo.com\/index.php\/wp-json\/wp\/v2\/media\/1218"}],"wp:attachment":[{"href":"https:\/\/libreriahistoriasdebolsillo.com\/index.php\/wp-json\/wp\/v2\/media?parent=1217"}],"wp:term":[{"taxonomy":"product_brand","embeddable":true,"href":"https:\/\/libreriahistoriasdebolsillo.com\/index.php\/wp-json\/wp\/v2\/product_brand?post=1217"},{"taxonomy":"product_cat","embeddable":true,"href":"https:\/\/libreriahistoriasdebolsillo.com\/index.php\/wp-json\/wp\/v2\/product_cat?post=1217"},{"taxonomy":"product_tag","embeddable":true,"href":"https:\/\/libreriahistoriasdebolsillo.com\/index.php\/wp-json\/wp\/v2\/product_tag?post=1217"}],"curies":[{"name":"wp","href":"https:\/\/api.w.org\/{rel}","templated":true}]}}