{"id":1219,"date":"2023-11-21T15:27:51","date_gmt":"2023-11-21T21:27:51","guid":{"rendered":"https:\/\/libreriahistoriasdebolsillo.com\/?post_type=product&#038;p=1219"},"modified":"2023-11-21T15:27:51","modified_gmt":"2023-11-21T21:27:51","slug":"percy-jackson-y-los-dioses-griegos-cronicas-del-campamento-mestizo","status":"publish","type":"product","link":"https:\/\/libreriahistoriasdebolsillo.com\/index.php\/producto\/percy-jackson-y-los-dioses-griegos-cronicas-del-campamento-mestizo\/","title":{"rendered":"Percy Jackson y los dioses griegos (Cr\u00f3nicas del campamento mestizo)"},"content":{"rendered":"<p>En un breve par\u00e9ntesis de sus fabulosas aventuras, que tantos fans han cosechado en el mundo entero, Percy nos ofrece en este libro una\u00a0<b>visi\u00f3n muy cercana de los ol\u00edmpicos<\/b>, a\u00f1adiendo una pizca de su magia particular, y un mont\u00f3n de comentarios sarc\u00e1sticos, al conocimiento de la mitolog\u00eda. Adem\u00e1s de un breve repaso al qui\u00e9n es qui\u00e9n de\u00a0<b>las deidades cl\u00e1sicas<\/b>, Percy nos explica en qu\u00e9 consisti\u00f3\u00a0<b>la creaci\u00f3n del mundo<\/b>, y, sin morderse la lengua, nos advierte: \u00abSi os gustan las pel\u00edculas de terror, los ba\u00f1os de sangre, las mentiras, los robos, las pu\u00f1aladas por la espalda y el canibalismo, seguid leyendo, porque sin duda aquella fue la Edad de Oro de todo eso.\u00bb. Dioses bajo la lupa de Percy Jackson: Afrodita, Apolo, Ares, Artemisa, Atenea, Dem\u00e9ter, Dioniso, Hades, Hefesto, Hera, Hermes, Hestia, Pers\u00e9fone, Poseid\u00f3n, Zeus<\/p>\n","protected":false},"excerpt":{"rendered":"<p>Rick Riordan<\/p>\n","protected":false},"featured_media":1220,"template":"","meta":{"_joinchat":[]},"product_brand":[],"product_cat":[39,54,52],"product_tag":[34],"class_list":{"0":"post-1219","1":"product","2":"type-product","3":"status-publish","4":"has-post-thumbnail","6":"product_cat-fantasia","7":"product_cat-infantil","8":"product_cat-juvenil","9":"product_tag-penguin-random-house","11":"first","12":"outofstock","13":"shipping-taxable","14":"purchasable","15":"product-type-simple"},"_links":{"self":[{"href":"https:\/\/libreriahistoriasdebolsillo.com\/index.php\/wp-json\/wp\/v2\/product\/1219","targetHints":{"allow":["GET"]}}],"collection":[{"href":"https:\/\/libreriahistoriasdebolsillo.com\/index.php\/wp-json\/wp\/v2\/product"}],"about":[{"href":"https:\/\/libreriahistoriasdebolsillo.com\/index.php\/wp-json\/wp\/v2\/types\/product"}],"wp:featuredmedia":[{"embeddable":true,"href":"https:\/\/libreriahistoriasdebolsillo.com\/index.php\/wp-json\/wp\/v2\/media\/1220"}],"wp:attachment":[{"href":"https:\/\/libreriahistoriasdebolsillo.com\/index.php\/wp-json\/wp\/v2\/media?parent=1219"}],"wp:term":[{"taxonomy":"product_brand","embeddable":true,"href":"https:\/\/libreriahistoriasdebolsillo.com\/index.php\/wp-json\/wp\/v2\/product_brand?post=1219"},{"taxonomy":"product_cat","embeddable":true,"href":"https:\/\/libreriahistoriasdebolsillo.com\/index.php\/wp-json\/wp\/v2\/product_cat?post=1219"},{"taxonomy":"product_tag","embeddable":true,"href":"https:\/\/libreriahistoriasdebolsillo.com\/index.php\/wp-json\/wp\/v2\/product_tag?post=1219"}],"curies":[{"name":"wp","href":"https:\/\/api.w.org\/{rel}","templated":true}]}}