{"id":1221,"date":"2023-11-21T15:29:17","date_gmt":"2023-11-21T21:29:17","guid":{"rendered":"https:\/\/libreriahistoriasdebolsillo.com\/?post_type=product&#038;p=1221"},"modified":"2023-11-21T15:29:17","modified_gmt":"2023-11-21T21:29:17","slug":"percy-jackson-y-los-heroes-griegos-cronicas-del-campamento-mestizo","status":"publish","type":"product","link":"https:\/\/libreriahistoriasdebolsillo.com\/index.php\/producto\/percy-jackson-y-los-heroes-griegos-cronicas-del-campamento-mestizo\/","title":{"rendered":"Percy Jackson y los h\u00e9roes griegos (Cr\u00f3nicas del campamento mestizo)"},"content":{"rendered":"<p>Si quieres saber\u00a0<b>qui\u00e9n cort\u00f3 la cabeza de Medusa<\/b>\u00a0o\u00a0<b>qu\u00e9 hero\u00edna fue criada por una osa,<\/b>\u00a0este es el libro que debes consultar. Nadie mejor que un hijo de Poseid\u00f3n como Percy, que ha sobrevivido a un sinf\u00edn de encuentros con seres y criaturas mitol\u00f3gicos, para narrar las\u00a0<b>incre\u00edbles haza\u00f1as de Perseo, Atalanta, Belerofonte o H\u00e9rcules<\/b>, por citar s\u00f3lo a algunos de los muchos personajes heroicos que aparecen en estas p\u00e1ginas. As\u00ed que Percy nos invita a seguirlo en\u00a0<b>una nueva y apasionante aventura<\/b>\u00a0con la siguiente propuesta: \u00abVamos a retroceder en el tiempo unos cuatro mil a\u00f1os para decapitar monstruos, salvar alg\u00fan reino que otro, disparar a unos cuantos dioses en el trasero, saquear el inframundo y robar a gente muy mala. \u00bfListos? Perfecto. Vamos all\u00e1.\u00bb<\/p>\n","protected":false},"excerpt":{"rendered":"<p>Rick Riordan<\/p>\n","protected":false},"featured_media":1222,"template":"","meta":{"_joinchat":[]},"product_brand":[],"product_cat":[39,54,52],"product_tag":[34],"class_list":{"0":"post-1221","1":"product","2":"type-product","3":"status-publish","4":"has-post-thumbnail","6":"product_cat-fantasia","7":"product_cat-infantil","8":"product_cat-juvenil","9":"product_tag-penguin-random-house","11":"first","12":"outofstock","13":"shipping-taxable","14":"purchasable","15":"product-type-simple"},"_links":{"self":[{"href":"https:\/\/libreriahistoriasdebolsillo.com\/index.php\/wp-json\/wp\/v2\/product\/1221","targetHints":{"allow":["GET"]}}],"collection":[{"href":"https:\/\/libreriahistoriasdebolsillo.com\/index.php\/wp-json\/wp\/v2\/product"}],"about":[{"href":"https:\/\/libreriahistoriasdebolsillo.com\/index.php\/wp-json\/wp\/v2\/types\/product"}],"wp:featuredmedia":[{"embeddable":true,"href":"https:\/\/libreriahistoriasdebolsillo.com\/index.php\/wp-json\/wp\/v2\/media\/1222"}],"wp:attachment":[{"href":"https:\/\/libreriahistoriasdebolsillo.com\/index.php\/wp-json\/wp\/v2\/media?parent=1221"}],"wp:term":[{"taxonomy":"product_brand","embeddable":true,"href":"https:\/\/libreriahistoriasdebolsillo.com\/index.php\/wp-json\/wp\/v2\/product_brand?post=1221"},{"taxonomy":"product_cat","embeddable":true,"href":"https:\/\/libreriahistoriasdebolsillo.com\/index.php\/wp-json\/wp\/v2\/product_cat?post=1221"},{"taxonomy":"product_tag","embeddable":true,"href":"https:\/\/libreriahistoriasdebolsillo.com\/index.php\/wp-json\/wp\/v2\/product_tag?post=1221"}],"curies":[{"name":"wp","href":"https:\/\/api.w.org\/{rel}","templated":true}]}}