{"id":1223,"date":"2023-11-21T15:31:00","date_gmt":"2023-11-21T21:31:00","guid":{"rendered":"https:\/\/libreriahistoriasdebolsillo.com\/?post_type=product&#038;p=1223"},"modified":"2023-11-28T21:03:29","modified_gmt":"2023-11-29T03:03:29","slug":"el-ultimo-heroe-del-olimpo-percy-jackson-y-los-dioses-del-olimpo-5","status":"publish","type":"product","link":"https:\/\/libreriahistoriasdebolsillo.com\/index.php\/producto\/el-ultimo-heroe-del-olimpo-percy-jackson-y-los-dioses-del-olimpo-5\/","title":{"rendered":"Percy Jackson y los dioses del Olimpo 5. El \u00faltimo h\u00e9roe del Olimpo"},"content":{"rendered":"<p><b>Mientras en las calles de Manhattan se libra una despiadada batalla por la civilizaci\u00f3n occidental, Percy abriga la terrible sospecha de estar luchando contra su propio destino&#8230;<\/b><\/p>\n<p>Los mestizos han dedicado mucho tiempo a prepararse para la batalla decisiva contra los titanes, aunque saben que sus posibilidadesde obtener la victoria son m\u00ednimas. El ej\u00e9rcito de Cronos es ahora m\u00e1s formidable que nunca y, con cada dios y cada mestizo que logra reclutar, aumentan los poderes del maligno tit\u00e1n. Tras fracasar en un primer intento de detener en alta mar las arrolladoras tropas de Cronos, Percy Jackson y los ol\u00edmpicos se esfuerzan por mantener a raya la furia desatada del monstruo Tif\u00f3n. Y cuando Cronos ordena el avance definitivo hacia Nueva York, donde el monte Olimpo, en lo alto del Empire State, se encuentra pr\u00e1cticamente indefenso, pararle los pies al implacable Se\u00f1or del Tiempo depender\u00e1 exclusivamente de Percy y su hueste de j\u00f3venes semidioses.<\/p>\n<p><b>** M\u00e1s vendidos del The\u00a0<\/b><i><b>New York Times<\/b><\/i><b>\u00a0y\u00a0<\/b><i><b>Publishers Weekly.<\/b><\/i><\/p>\n<p><i><b>**\u00a0<\/b><\/i><b>Llevada a la gran pantalla<\/b>\u00a0<b>a cargo de Chris Columbus, director de las dos primeras entregas de \u00abHarry Potter\u00bb.<\/b><\/p>\n","protected":false},"excerpt":{"rendered":"<p>Rick Riordan<\/p>\n","protected":false},"featured_media":1224,"template":"","meta":{"_joinchat":[]},"product_brand":[],"product_cat":[39,54,52],"product_tag":[34],"class_list":{"0":"post-1223","1":"product","2":"type-product","3":"status-publish","4":"has-post-thumbnail","6":"product_cat-fantasia","7":"product_cat-infantil","8":"product_cat-juvenil","9":"product_tag-penguin-random-house","11":"first","12":"outofstock","13":"shipping-taxable","14":"purchasable","15":"product-type-simple"},"_links":{"self":[{"href":"https:\/\/libreriahistoriasdebolsillo.com\/index.php\/wp-json\/wp\/v2\/product\/1223","targetHints":{"allow":["GET"]}}],"collection":[{"href":"https:\/\/libreriahistoriasdebolsillo.com\/index.php\/wp-json\/wp\/v2\/product"}],"about":[{"href":"https:\/\/libreriahistoriasdebolsillo.com\/index.php\/wp-json\/wp\/v2\/types\/product"}],"wp:featuredmedia":[{"embeddable":true,"href":"https:\/\/libreriahistoriasdebolsillo.com\/index.php\/wp-json\/wp\/v2\/media\/1224"}],"wp:attachment":[{"href":"https:\/\/libreriahistoriasdebolsillo.com\/index.php\/wp-json\/wp\/v2\/media?parent=1223"}],"wp:term":[{"taxonomy":"product_brand","embeddable":true,"href":"https:\/\/libreriahistoriasdebolsillo.com\/index.php\/wp-json\/wp\/v2\/product_brand?post=1223"},{"taxonomy":"product_cat","embeddable":true,"href":"https:\/\/libreriahistoriasdebolsillo.com\/index.php\/wp-json\/wp\/v2\/product_cat?post=1223"},{"taxonomy":"product_tag","embeddable":true,"href":"https:\/\/libreriahistoriasdebolsillo.com\/index.php\/wp-json\/wp\/v2\/product_tag?post=1223"}],"curies":[{"name":"wp","href":"https:\/\/api.w.org\/{rel}","templated":true}]}}