{"id":1229,"date":"2023-11-21T15:33:59","date_gmt":"2023-11-21T21:33:59","guid":{"rendered":"https:\/\/libreriahistoriasdebolsillo.com\/?post_type=product&#038;p=1229"},"modified":"2024-02-13T15:58:26","modified_gmt":"2024-02-13T21:58:26","slug":"la-maldicion-del-titan-percy-jackson-y-los-dioses-del-olimpo-3","status":"publish","type":"product","link":"https:\/\/libreriahistoriasdebolsillo.com\/index.php\/producto\/la-maldicion-del-titan-percy-jackson-y-los-dioses-del-olimpo-3\/","title":{"rendered":"Percy Jackson y los dioses del Olimpo 3. La maldici\u00f3n del Tit\u00e1n"},"content":{"rendered":"<p>Ante la llamada de socorro de su amigo el s\u00e1tiro Grover, Percy acude inmediatamente en su auxilio. Y aunque va acompa\u00f1ado de Annabeth y Thalia, las dos semidiosas que son sus aliadas, ninguno imagina la sorpresa que los aguarda: una terrible mant\u00edcora pretende secuestrarlos y llevarlos ante el general enviado por Cronos, el diab\u00f3lico se\u00f1or de los titanes.<\/p>\n<p>Sin embargo, gracias a la ayuda de las cazadoras de Artemisa, Percy y sus aliadas logran escapar y volver al campamento mestizo. Una vez all\u00ed, emprender\u00e1n la b\u00fasqueda del monstruo que puede provocar la destrucci\u00f3n del Olimpo, a pesar de que, seg\u00fan la profec\u00eda del Or\u00e1culo, s\u00f3lo uno de ellos lograr\u00e1 resistir la maldici\u00f3n del tit\u00e1n.<\/p>\n","protected":false},"excerpt":{"rendered":"<p>Rick Riordan<\/p>\n","protected":false},"featured_media":1230,"template":"","meta":{"_joinchat":[]},"product_brand":[],"product_cat":[39,54,52],"product_tag":[34],"class_list":{"0":"post-1229","1":"product","2":"type-product","3":"status-publish","4":"has-post-thumbnail","6":"product_cat-fantasia","7":"product_cat-infantil","8":"product_cat-juvenil","9":"product_tag-penguin-random-house","11":"first","12":"outofstock","13":"shipping-taxable","14":"purchasable","15":"product-type-simple"},"_links":{"self":[{"href":"https:\/\/libreriahistoriasdebolsillo.com\/index.php\/wp-json\/wp\/v2\/product\/1229","targetHints":{"allow":["GET"]}}],"collection":[{"href":"https:\/\/libreriahistoriasdebolsillo.com\/index.php\/wp-json\/wp\/v2\/product"}],"about":[{"href":"https:\/\/libreriahistoriasdebolsillo.com\/index.php\/wp-json\/wp\/v2\/types\/product"}],"wp:featuredmedia":[{"embeddable":true,"href":"https:\/\/libreriahistoriasdebolsillo.com\/index.php\/wp-json\/wp\/v2\/media\/1230"}],"wp:attachment":[{"href":"https:\/\/libreriahistoriasdebolsillo.com\/index.php\/wp-json\/wp\/v2\/media?parent=1229"}],"wp:term":[{"taxonomy":"product_brand","embeddable":true,"href":"https:\/\/libreriahistoriasdebolsillo.com\/index.php\/wp-json\/wp\/v2\/product_brand?post=1229"},{"taxonomy":"product_cat","embeddable":true,"href":"https:\/\/libreriahistoriasdebolsillo.com\/index.php\/wp-json\/wp\/v2\/product_cat?post=1229"},{"taxonomy":"product_tag","embeddable":true,"href":"https:\/\/libreriahistoriasdebolsillo.com\/index.php\/wp-json\/wp\/v2\/product_tag?post=1229"}],"curies":[{"name":"wp","href":"https:\/\/api.w.org\/{rel}","templated":true}]}}