{"id":1231,"date":"2023-11-21T15:35:35","date_gmt":"2023-11-21T21:35:35","guid":{"rendered":"https:\/\/libreriahistoriasdebolsillo.com\/?post_type=product&#038;p=1231"},"modified":"2024-01-10T18:23:22","modified_gmt":"2024-01-11T00:23:22","slug":"el-mar-de-los-monstruos-percy-jackson-y-los-dioses-del-olimpo-2","status":"publish","type":"product","link":"https:\/\/libreriahistoriasdebolsillo.com\/index.php\/producto\/el-mar-de-los-monstruos-percy-jackson-y-los-dioses-del-olimpo-2\/","title":{"rendered":"Percy Jackson y los dioses del Olimpo 2. El mar de los monstruos"},"content":{"rendered":"<p>Desde que sabe que es hijo de un dios y una mortal, Percy Jackson espera que el destino le depare continuas aventuras. Y su expectativa se cumplir\u00e1 con creces. Aunque el nuevo curso en la Escuela Meriwether transcurre con inusual normalidad, un simple partido de bal\u00f3n prisionero acaba en batalla campal contra una banda de feroces gigantes.<\/p>\n<p>A partir de ah\u00ed, las cosas se precipitan: el per\u00edmetro m\u00e1gico que protege el Campamento Mestizo es destruido por un misterioso enemigo y la \u00fanica seguridad con que contaban los semidioses desaparece. As\u00ed, para impedir este da\u00f1o irreparable, Percy y sus amigos inician la traves\u00eda del temible Mar de los Monstruos en busca de<\/p>\n<p>lo \u00fanico que puede salvar el campamento: el Vellocino de Oro.<\/p>\n<p><b>** M\u00e1s vendidos del\u00a0<i>The New York Times<\/i>\u00a0y\u00a0<i>Publishers Weekly.<\/i><\/b><\/p>\n<p><b>** Llevada a la gran pantalla a cargo de Chris Columbus, director de las dos primeras entregas de \u00abHarry Potter\u00bb.<\/b><\/p>\n","protected":false},"excerpt":{"rendered":"<p>Rick Riordan<\/p>\n","protected":false},"featured_media":1232,"template":"","meta":{"_joinchat":[]},"product_brand":[],"product_cat":[39,54,52],"product_tag":[34],"class_list":{"0":"post-1231","1":"product","2":"type-product","3":"status-publish","4":"has-post-thumbnail","6":"product_cat-fantasia","7":"product_cat-infantil","8":"product_cat-juvenil","9":"product_tag-penguin-random-house","11":"first","12":"outofstock","13":"shipping-taxable","14":"purchasable","15":"product-type-simple"},"_links":{"self":[{"href":"https:\/\/libreriahistoriasdebolsillo.com\/index.php\/wp-json\/wp\/v2\/product\/1231","targetHints":{"allow":["GET"]}}],"collection":[{"href":"https:\/\/libreriahistoriasdebolsillo.com\/index.php\/wp-json\/wp\/v2\/product"}],"about":[{"href":"https:\/\/libreriahistoriasdebolsillo.com\/index.php\/wp-json\/wp\/v2\/types\/product"}],"wp:featuredmedia":[{"embeddable":true,"href":"https:\/\/libreriahistoriasdebolsillo.com\/index.php\/wp-json\/wp\/v2\/media\/1232"}],"wp:attachment":[{"href":"https:\/\/libreriahistoriasdebolsillo.com\/index.php\/wp-json\/wp\/v2\/media?parent=1231"}],"wp:term":[{"taxonomy":"product_brand","embeddable":true,"href":"https:\/\/libreriahistoriasdebolsillo.com\/index.php\/wp-json\/wp\/v2\/product_brand?post=1231"},{"taxonomy":"product_cat","embeddable":true,"href":"https:\/\/libreriahistoriasdebolsillo.com\/index.php\/wp-json\/wp\/v2\/product_cat?post=1231"},{"taxonomy":"product_tag","embeddable":true,"href":"https:\/\/libreriahistoriasdebolsillo.com\/index.php\/wp-json\/wp\/v2\/product_tag?post=1231"}],"curies":[{"name":"wp","href":"https:\/\/api.w.org\/{rel}","templated":true}]}}