{"id":1234,"date":"2023-11-21T15:37:27","date_gmt":"2023-11-21T21:37:27","guid":{"rendered":"https:\/\/libreriahistoriasdebolsillo.com\/?post_type=product&#038;p=1234"},"modified":"2025-03-03T17:26:09","modified_gmt":"2025-03-03T23:26:09","slug":"yo-bese-a-shara-wheeler","status":"publish","type":"product","link":"https:\/\/libreriahistoriasdebolsillo.com\/index.php\/producto\/yo-bese-a-shara-wheeler\/","title":{"rendered":"Yo bes\u00e9 a Shara Wheeler"},"content":{"rendered":"<p>Chloe Green est\u00e1 a un paso de la victoria. Despu\u00e9s de que sus madres la obligaran a mudarse, se ha pasado los \u00faltimos cuatro a\u00f1os lidiando con unos compa\u00f1eros chismosos de la secundaria. \u00bfLa raz\u00f3n? Llegar a ser la primera de su clase. \u00bfSu \u00fanica rival? La popular\u00a0<b>Shara Wheeler, reina del baile<\/b>\u00a0e hija ejemplar del director de la escuela. Un mes antes de la graduaci\u00f3n, Shara besa a Chloe y desaparece. Y resulta que tambi\u00e9n bes\u00f3 a Smith, con quien sale desde hace tiempo, y a su vecino Rory, que est\u00e1 loco por ella. No hay nada en com\u00fan entre ellos, pero juntos tendr\u00e1n que desentra\u00f1ar la madeja de pistas hasta encontrar a Shara. Mientras persigue a un fantasma a trav\u00e9s de fiestas, acertijos y secretos, Chloe empieza a sospechar que ese pueblo tal vez esconda algo m\u00e1s de lo que pensaba. Y quiz\u00e1s (es probable que no, pero puede que s\u00ed) tambi\u00e9n Shara oculte algo m\u00e1s.<\/p>\n","protected":false},"excerpt":{"rendered":"<p>Casey McQuiston<\/p>\n","protected":false},"featured_media":1235,"template":"","meta":{"_joinchat":[]},"product_brand":[],"product_cat":[52,38],"product_tag":[34],"class_list":{"0":"post-1234","1":"product","2":"type-product","3":"status-publish","4":"has-post-thumbnail","6":"product_cat-juvenil","7":"product_cat-lgbtq","8":"product_tag-penguin-random-house","10":"first","11":"outofstock","12":"shipping-taxable","13":"purchasable","14":"product-type-simple"},"_links":{"self":[{"href":"https:\/\/libreriahistoriasdebolsillo.com\/index.php\/wp-json\/wp\/v2\/product\/1234","targetHints":{"allow":["GET"]}}],"collection":[{"href":"https:\/\/libreriahistoriasdebolsillo.com\/index.php\/wp-json\/wp\/v2\/product"}],"about":[{"href":"https:\/\/libreriahistoriasdebolsillo.com\/index.php\/wp-json\/wp\/v2\/types\/product"}],"wp:featuredmedia":[{"embeddable":true,"href":"https:\/\/libreriahistoriasdebolsillo.com\/index.php\/wp-json\/wp\/v2\/media\/1235"}],"wp:attachment":[{"href":"https:\/\/libreriahistoriasdebolsillo.com\/index.php\/wp-json\/wp\/v2\/media?parent=1234"}],"wp:term":[{"taxonomy":"product_brand","embeddable":true,"href":"https:\/\/libreriahistoriasdebolsillo.com\/index.php\/wp-json\/wp\/v2\/product_brand?post=1234"},{"taxonomy":"product_cat","embeddable":true,"href":"https:\/\/libreriahistoriasdebolsillo.com\/index.php\/wp-json\/wp\/v2\/product_cat?post=1234"},{"taxonomy":"product_tag","embeddable":true,"href":"https:\/\/libreriahistoriasdebolsillo.com\/index.php\/wp-json\/wp\/v2\/product_tag?post=1234"}],"curies":[{"name":"wp","href":"https:\/\/api.w.org\/{rel}","templated":true}]}}