{"id":1238,"date":"2023-11-21T15:40:00","date_gmt":"2023-11-21T21:40:00","guid":{"rendered":"https:\/\/libreriahistoriasdebolsillo.com\/?post_type=product&#038;p=1238"},"modified":"2025-08-25T09:51:02","modified_gmt":"2025-08-25T15:51:02","slug":"los-mejores-casos-de-sherlock-holmes-coleccion-alfaguara-clasicos","status":"publish","type":"product","link":"https:\/\/libreriahistoriasdebolsillo.com\/index.php\/producto\/los-mejores-casos-de-sherlock-holmes-coleccion-alfaguara-clasicos\/","title":{"rendered":"Los mejores casos de Sherlock Holmes (Colecci\u00f3n Alfaguara Cl\u00e1sicos)"},"content":{"rendered":"<p><b>Sherlock Holmes\u00a0<\/b>es el\u00a0<b>detective\u00a0<\/b>m\u00e1s famoso de todo Londres. En su residencia en el\u00a0<b>221B de Baker Street<\/b>\u00a0recibe los casos m\u00e1s extra\u00f1os que solo una mente observadora y deductiva como la suya podr\u00eda resolver.<\/p>\n<p>Por suerte, tiene a su lado al\u00a0<b>Dr. Watson,<\/b>\u00a0pero tambi\u00e9n se enfrenta a sus terribles archienemigos: Irene Adler y el\u00a0<b>profesor Moriarty.<\/b>\u00a0Cl\u00e1sicos inolvidables para disfrutar, compartir y dejar volar la imaginaci\u00f3n.<\/p>\n","protected":false},"excerpt":{"rendered":"<p>Sir Arthur Conan Doyle<\/p>\n","protected":false},"featured_media":1239,"template":"","meta":{"_joinchat":[]},"product_brand":[],"product_cat":[42],"product_tag":[34],"class_list":{"0":"post-1238","1":"product","2":"type-product","3":"status-publish","4":"has-post-thumbnail","6":"product_cat-literatura-clasica","7":"product_tag-penguin-random-house","9":"first","10":"outofstock","11":"shipping-taxable","12":"purchasable","13":"product-type-simple"},"_links":{"self":[{"href":"https:\/\/libreriahistoriasdebolsillo.com\/index.php\/wp-json\/wp\/v2\/product\/1238","targetHints":{"allow":["GET"]}}],"collection":[{"href":"https:\/\/libreriahistoriasdebolsillo.com\/index.php\/wp-json\/wp\/v2\/product"}],"about":[{"href":"https:\/\/libreriahistoriasdebolsillo.com\/index.php\/wp-json\/wp\/v2\/types\/product"}],"wp:featuredmedia":[{"embeddable":true,"href":"https:\/\/libreriahistoriasdebolsillo.com\/index.php\/wp-json\/wp\/v2\/media\/1239"}],"wp:attachment":[{"href":"https:\/\/libreriahistoriasdebolsillo.com\/index.php\/wp-json\/wp\/v2\/media?parent=1238"}],"wp:term":[{"taxonomy":"product_brand","embeddable":true,"href":"https:\/\/libreriahistoriasdebolsillo.com\/index.php\/wp-json\/wp\/v2\/product_brand?post=1238"},{"taxonomy":"product_cat","embeddable":true,"href":"https:\/\/libreriahistoriasdebolsillo.com\/index.php\/wp-json\/wp\/v2\/product_cat?post=1238"},{"taxonomy":"product_tag","embeddable":true,"href":"https:\/\/libreriahistoriasdebolsillo.com\/index.php\/wp-json\/wp\/v2\/product_tag?post=1238"}],"curies":[{"name":"wp","href":"https:\/\/api.w.org\/{rel}","templated":true}]}}