{"id":1241,"date":"2023-11-21T15:42:29","date_gmt":"2023-11-21T21:42:29","guid":{"rendered":"https:\/\/libreriahistoriasdebolsillo.com\/?post_type=product&#038;p=1241"},"modified":"2026-01-08T18:00:07","modified_gmt":"2026-01-09T00:00:07","slug":"llamame-por-tu-nombre","status":"publish","type":"product","link":"https:\/\/libreriahistoriasdebolsillo.com\/index.php\/producto\/llamame-por-tu-nombre\/","title":{"rendered":"Ll\u00e1mame por tu nombre"},"content":{"rendered":"<p><b>Un viaje por los rincones m\u00e1s profundos de los sentimientos y del erotismo.<\/b><\/p>\n<p><b><i>Ll\u00e1mame por tu nombre<\/i>\u00a0ha sido galardonada con el Lambda Literary Award, mejor Libro del A\u00f1o seg\u00fan<i>The Washington Post<\/i>\u00a0y\u00a0<i>Publishers Weekly<\/i>\u00a0y es la novela en la que se basa la pel\u00edcula\u00a0<i>Call me by your name<\/i>.<\/b><\/p>\n<p>En una localidad de la\u00a0<b>costa de Italia<\/b>, durante la d\u00e9cada de los ochenta, la familia de Elio instaur\u00f3 la tradici\u00f3n de\u00a0<b>recibir en el verano<\/b>\u00a0a estudiantes o creadores j\u00f3venes que, a cambio de alojamiento, ayudaran al cabeza de familia, catedr\u00e1tico, en sus compromisos culturales.<\/p>\n<p><b>Oliver\u00a0<\/b>es el elegido este verano, un joven escritor norteamericano que pronto excita la imaginaci\u00f3n de Elio. Durante las siguientes semanas, los impulsos ocultos de\u00a0<b>obsesi\u00f3n\u00a0<\/b>y miedo, fascinaci\u00f3n y\u00a0<b>deseo\u00a0<\/b>intensificar\u00e1n su pasi\u00f3n.<\/p>\n","protected":false},"excerpt":{"rendered":"<p>Andr\u00e9 Aciman<\/p>\n","protected":false},"featured_media":1244,"template":"","meta":{"_joinchat":[]},"product_brand":[],"product_cat":[33,38],"product_tag":[34],"class_list":{"0":"post-1241","1":"product","2":"type-product","3":"status-publish","4":"has-post-thumbnail","6":"product_cat-ficcion-general","7":"product_cat-lgbtq","8":"product_tag-penguin-random-house","10":"first","11":"outofstock","12":"shipping-taxable","13":"purchasable","14":"product-type-simple"},"_links":{"self":[{"href":"https:\/\/libreriahistoriasdebolsillo.com\/index.php\/wp-json\/wp\/v2\/product\/1241","targetHints":{"allow":["GET"]}}],"collection":[{"href":"https:\/\/libreriahistoriasdebolsillo.com\/index.php\/wp-json\/wp\/v2\/product"}],"about":[{"href":"https:\/\/libreriahistoriasdebolsillo.com\/index.php\/wp-json\/wp\/v2\/types\/product"}],"wp:featuredmedia":[{"embeddable":true,"href":"https:\/\/libreriahistoriasdebolsillo.com\/index.php\/wp-json\/wp\/v2\/media\/1244"}],"wp:attachment":[{"href":"https:\/\/libreriahistoriasdebolsillo.com\/index.php\/wp-json\/wp\/v2\/media?parent=1241"}],"wp:term":[{"taxonomy":"product_brand","embeddable":true,"href":"https:\/\/libreriahistoriasdebolsillo.com\/index.php\/wp-json\/wp\/v2\/product_brand?post=1241"},{"taxonomy":"product_cat","embeddable":true,"href":"https:\/\/libreriahistoriasdebolsillo.com\/index.php\/wp-json\/wp\/v2\/product_cat?post=1241"},{"taxonomy":"product_tag","embeddable":true,"href":"https:\/\/libreriahistoriasdebolsillo.com\/index.php\/wp-json\/wp\/v2\/product_tag?post=1241"}],"curies":[{"name":"wp","href":"https:\/\/api.w.org\/{rel}","templated":true}]}}